{"id":115324,"date":"2024-11-20T14:03:12","date_gmt":"2024-11-20T13:03:12","guid":{"rendered":"https:\/\/secureus.se\/?post_type=product&#038;p=115324"},"modified":"2025-12-31T21:31:15","modified_gmt":"2025-12-31T20:31:15","slug":"magnetklamma-sjalvhaftande-durafix-clip-60-mm-10-pack","status":"publish","type":"product","link":"https:\/\/secureus.se\/fr\/magnetklamma-sjalvhaftande-durafix-clip-60-mm-10-pack\/","title":{"rendered":"Clip magn\u00e9tique autocollant DURAFIX\u00ae CLIP 60 mm paquet de 10"},"content":{"rendered":"<p>Publiez des notes, des rappels et plus rapidement et facilement avec DURAFIX\u00ae. Manipulation facile : fixez le clip magn\u00e9tique autocollant, ouvrez, ins\u00e9rez une note et fermez. La pince se pose sur des surfaces lisses telles que des armoires, des portes vitr\u00e9es, des r\u00e9frig\u00e9rateurs ou des pr\u00e9sentoirs de salons et ne laisse aucune trace lorsqu&#039;elle est retir\u00e9e des surfaces lisses. Dimensions : 60x17 mm (LxH). Sachet de 10 pinces DURAFIX\u00ae CLIP ; 4 noirs, 4 argent\u00e9s et 2 bleus.<\/p>","protected":false},"excerpt":{"rendered":"<p>Clip magn\u00e9tique pour notes, rappels, etc. Autocollant sur surfaces lisses.<\/p>","protected":false},"featured_media":134656,"template":"","meta":{"_acf_changed":false},"product_brand":[],"product_cat":[4269],"product_tag":[4397],"class_list":{"0":"post-115324","1":"product","2":"type-product","3":"status-publish","4":"has-post-thumbnail","6":"product_cat-magnetisk-fastsattning","7":"product_tag-mix","8":"product_shipping_class-tunga-paket","9":"pa_brands-durable","10":"pa_farg-mix","11":"tm-no-options","13":"first","14":"instock","15":"sale","16":"taxable","17":"shipping-taxable","18":"purchasable","19":"product-type-simple"},"acf":[],"_links":{"self":[{"href":"https:\/\/secureus.se\/fr\/wp-json\/wp\/v2\/product\/115324","targetHints":{"allow":["GET"]}}],"collection":[{"href":"https:\/\/secureus.se\/fr\/wp-json\/wp\/v2\/product"}],"about":[{"href":"https:\/\/secureus.se\/fr\/wp-json\/wp\/v2\/types\/product"}],"wp:featuredmedia":[{"embeddable":true,"href":"https:\/\/secureus.se\/fr\/wp-json\/wp\/v2\/media\/134656"}],"wp:attachment":[{"href":"https:\/\/secureus.se\/fr\/wp-json\/wp\/v2\/media?parent=115324"}],"wp:term":[{"taxonomy":"product_brand","embeddable":true,"href":"https:\/\/secureus.se\/fr\/wp-json\/wp\/v2\/product_brand?post=115324"},{"taxonomy":"product_cat","embeddable":true,"href":"https:\/\/secureus.se\/fr\/wp-json\/wp\/v2\/product_cat?post=115324"},{"taxonomy":"product_tag","embeddable":true,"href":"https:\/\/secureus.se\/fr\/wp-json\/wp\/v2\/product_tag?post=115324"}],"curies":[{"name":"wp","href":"https:\/\/api.w.org\/{rel}","templated":true}]}}