{"id":115365,"date":"2024-11-20T14:13:11","date_gmt":"2024-11-20T13:13:11","guid":{"rendered":"https:\/\/secureus.se\/?post_type=product&#038;p=115365"},"modified":"2026-01-12T12:49:24","modified_gmt":"2026-01-12T11:49:24","slug":"namnskylt-a4-ark-m-inbjudan-visitor-badge","status":"publish","type":"product","link":"https:\/\/secureus.se\/fr\/namnskylt-a4-ark-m-inbjudan-visitor-badge\/","title":{"rendered":"Feuille A4 de badge nominatif avec invitation BADGE VISITEUR"},"content":{"rendered":"<p>Envoyez une invitation ou un programme \u00e0 des \u00e9v\u00e9nements plus importants en m\u00eame temps que les participants re\u00e7oivent leur badge nominatif ou leur badge visiteur. Le panneau \u2013 dot\u00e9 d&#039;un support adh\u00e9sif \u2013 est retir\u00e9 de la feuille de papier et le recto et le verso sont coll\u00e9s ensemble. Avec trous pour pouvoir attacher, par exemple, un collier\/porte-cl\u00e9s textile. La plaque signal\u00e9tique peut \u00eatre con\u00e7ue dans le programme gratuit DURAPRINT\u00ae et imprim\u00e9e sur une imprimante laser. Les dimensions de la plaque signal\u00e9tique sont de 97x86 mm.<\/p>","protected":false},"excerpt":{"rendered":"<p>Plaque signal\u00e9tique pour \u00e9v\u00e9nement. Une feuille A4 avec un espace pour une invitation ou un programme et une \u00e9tiquette nominative qui peut \u00eatre retir\u00e9e de la feuille.<\/p>","protected":false},"featured_media":133620,"template":"","meta":{"_acf_changed":false},"product_brand":[],"product_cat":[4273],"product_tag":[4396],"class_list":{"0":"post-115365","1":"product","2":"type-product","3":"status-publish","4":"has-post-thumbnail","6":"product_cat-namnskyltar-utan-faste","7":"product_tag-vit","8":"product_shipping_class-tunga-paket","9":"pa_brands-durable","10":"pa_farg-vit","11":"tm-no-options","13":"first","14":"instock","15":"sale","16":"taxable","17":"shipping-taxable","18":"purchasable","19":"product-type-simple"},"acf":[],"_links":{"self":[{"href":"https:\/\/secureus.se\/fr\/wp-json\/wp\/v2\/product\/115365","targetHints":{"allow":["GET"]}}],"collection":[{"href":"https:\/\/secureus.se\/fr\/wp-json\/wp\/v2\/product"}],"about":[{"href":"https:\/\/secureus.se\/fr\/wp-json\/wp\/v2\/types\/product"}],"wp:featuredmedia":[{"embeddable":true,"href":"https:\/\/secureus.se\/fr\/wp-json\/wp\/v2\/media\/133620"}],"wp:attachment":[{"href":"https:\/\/secureus.se\/fr\/wp-json\/wp\/v2\/media?parent=115365"}],"wp:term":[{"taxonomy":"product_brand","embeddable":true,"href":"https:\/\/secureus.se\/fr\/wp-json\/wp\/v2\/product_brand?post=115365"},{"taxonomy":"product_cat","embeddable":true,"href":"https:\/\/secureus.se\/fr\/wp-json\/wp\/v2\/product_cat?post=115365"},{"taxonomy":"product_tag","embeddable":true,"href":"https:\/\/secureus.se\/fr\/wp-json\/wp\/v2\/product_tag?post=115365"}],"curies":[{"name":"wp","href":"https:\/\/api.w.org\/{rel}","templated":true}]}}