{"id":115366,"date":"2024-11-20T14:03:42","date_gmt":"2024-11-20T13:03:42","guid":{"rendered":"https:\/\/secureus.se\/?post_type=product&#038;p=115366"},"modified":"2025-09-15T12:40:21","modified_gmt":"2025-09-15T10:40:21","slug":"klamlist-magnetisk-durafix-rail-297-mm","status":"publish","type":"product","link":"https:\/\/secureus.se\/fr\/klamlist-magnetisk-durafix-rail-297-mm\/","title":{"rendered":"Bande de serrage magn\u00e9tique DURAFIX\u00ae RAIL 297 mm"},"content":{"rendered":"<p>Publiez des notes, des rappels et plus rapidement et facilement avec DURAFIX\u00ae. Manipulation facile : fixez la bande magn\u00e9tique autocollante, ouvrez, mettez une note et fermez. La bande s&#039;installe sur des surfaces lisses telles que des armoires, des portes vitr\u00e9es, des vitrines, des tableaux blancs ou des stands d&#039;exposition et ne laisse aucune trace lorsqu&#039;elle est retir\u00e9e des surfaces lisses. Utilisez une ou deux listes pour configurer les informations. Superbe des deux c\u00f4t\u00e9s d\u2019une vitre. Dimensions : 297\u00d717 mm (LxH) adapt\u00e9 aux formats A4 paysage et A3 portrait. Sachet de 5 rails de serrage DURAFIX\u00aeRAIL.<\/p>","protected":false},"excerpt":{"rendered":"<p>Clip magn\u00e9tique autocollant pour documents et notes. Pour format A4 paysage ou A3 portrait.<\/p>","protected":false},"featured_media":115368,"template":"","meta":{"_acf_changed":false},"product_brand":[],"product_cat":[4269],"product_tag":[],"class_list":{"0":"post-115366","1":"product","2":"type-product","3":"status-publish","4":"has-post-thumbnail","6":"product_cat-magnetisk-fastsattning","7":"pa_brands-durable","8":"pa_farg-silver","9":"tm-no-options","11":"first","12":"instock","13":"sale","14":"taxable","15":"shipping-taxable","16":"purchasable","17":"product-type-simple"},"acf":[],"_links":{"self":[{"href":"https:\/\/secureus.se\/fr\/wp-json\/wp\/v2\/product\/115366","targetHints":{"allow":["GET"]}}],"collection":[{"href":"https:\/\/secureus.se\/fr\/wp-json\/wp\/v2\/product"}],"about":[{"href":"https:\/\/secureus.se\/fr\/wp-json\/wp\/v2\/types\/product"}],"wp:featuredmedia":[{"embeddable":true,"href":"https:\/\/secureus.se\/fr\/wp-json\/wp\/v2\/media\/115368"}],"wp:attachment":[{"href":"https:\/\/secureus.se\/fr\/wp-json\/wp\/v2\/media?parent=115366"}],"wp:term":[{"taxonomy":"product_brand","embeddable":true,"href":"https:\/\/secureus.se\/fr\/wp-json\/wp\/v2\/product_brand?post=115366"},{"taxonomy":"product_cat","embeddable":true,"href":"https:\/\/secureus.se\/fr\/wp-json\/wp\/v2\/product_cat?post=115366"},{"taxonomy":"product_tag","embeddable":true,"href":"https:\/\/secureus.se\/fr\/wp-json\/wp\/v2\/product_tag?post=115366"}],"curies":[{"name":"wp","href":"https:\/\/api.w.org\/{rel}","templated":true}]}}