{"id":115373,"date":"2024-11-20T14:10:22","date_gmt":"2024-11-20T13:10:22","guid":{"rendered":"https:\/\/secureus.se\/?post_type=product&#038;p=115373"},"modified":"2026-01-12T12:03:05","modified_gmt":"2026-01-12T11:03:05","slug":"golvmarkering-t-form","status":"publish","type":"product","link":"https:\/\/secureus.se\/fr\/golvmarkering-t-form\/","title":{"rendered":"Marquage au sol &quot;en forme de T&quot;"},"content":{"rendered":"<p>Symbole de marquage au sol autocollant en forme de \u00ab T \u00bb pour le marquage des emplacements de palettes en int\u00e9rieur. Se fixe sur des sols en b\u00e9ton propres et secs. Durable et r\u00e9sistant avec indice antid\u00e9rapant R9 selon DIN 51130.<br \/>\nDimensions (L x H x P) : 100 mm x 0,7 mm x 150 mm<\/p>","protected":false},"excerpt":{"rendered":"<p>Marquage au sol autocollant en forme de &quot;T&quot; pour le marquage des emplacements des palettes.<\/p>","protected":false},"featured_media":133649,"template":"","meta":{"_acf_changed":false},"product_brand":[],"product_cat":[4302],"product_tag":[4395],"class_list":{"0":"post-115373","1":"product","2":"type-product","3":"status-publish","4":"has-post-thumbnail","6":"product_cat-markeringar-av-uppstallningsplatser","7":"product_tag-gul","8":"product_shipping_class-tunga-paket","9":"pa_brands-durable","10":"pa_farg-gul","11":"tm-no-options","13":"first","14":"instock","15":"sale","16":"taxable","17":"shipping-taxable","18":"purchasable","19":"product-type-simple"},"acf":[],"_links":{"self":[{"href":"https:\/\/secureus.se\/fr\/wp-json\/wp\/v2\/product\/115373","targetHints":{"allow":["GET"]}}],"collection":[{"href":"https:\/\/secureus.se\/fr\/wp-json\/wp\/v2\/product"}],"about":[{"href":"https:\/\/secureus.se\/fr\/wp-json\/wp\/v2\/types\/product"}],"wp:featuredmedia":[{"embeddable":true,"href":"https:\/\/secureus.se\/fr\/wp-json\/wp\/v2\/media\/133649"}],"wp:attachment":[{"href":"https:\/\/secureus.se\/fr\/wp-json\/wp\/v2\/media?parent=115373"}],"wp:term":[{"taxonomy":"product_brand","embeddable":true,"href":"https:\/\/secureus.se\/fr\/wp-json\/wp\/v2\/product_brand?post=115373"},{"taxonomy":"product_cat","embeddable":true,"href":"https:\/\/secureus.se\/fr\/wp-json\/wp\/v2\/product_cat?post=115373"},{"taxonomy":"product_tag","embeddable":true,"href":"https:\/\/secureus.se\/fr\/wp-json\/wp\/v2\/product_tag?post=115373"}],"curies":[{"name":"wp","href":"https:\/\/api.w.org\/{rel}","templated":true}]}}