{"id":115412,"date":"2024-11-20T14:10:39","date_gmt":"2024-11-20T13:10:39","guid":{"rendered":"https:\/\/secureus.se\/?post_type=product&#038;p=115412"},"modified":"2026-01-12T12:56:35","modified_gmt":"2026-01-12T11:56:35","slug":"golvmarkeringstejp-duraline-50-05-borttagbar","status":"publish","type":"product","link":"https:\/\/secureus.se\/fr\/golvmarkeringstejp-duraline-50-05-borttagbar\/","title":{"rendered":"Ruban de marquage au sol DURALINE\u00ae 50\/05 amovible"},"content":{"rendered":"<p>Ruban de marquage autocollant et amovible \u00e0 rayures pour usage int\u00e9rieur. Utilis\u00e9 pour le marquage temporaire des zones r\u00e9glement\u00e9es et des limites dans les magasins, les gymnases, les h\u00f4tels et les restaurants. Se fixe sur des sols en b\u00e9ton propres et secs. Niveau de r\u00e9sistance au glissement R9 selon DIN51130.<br \/>\nDimensions (L x L) : Rouleau de 15 m, largeur 50 mm, \u00e9paisseur 0,5 mm<\/p>","protected":false},"excerpt":{"rendered":"<p>Ruban de marquage au sol autocollant et amovible \u00e0 rayures aux couleurs d&#039;avertissement. Augmente la s\u00e9curit\u00e9 gr\u00e2ce \u00e0 un marquage clair.<\/p>","protected":false},"featured_media":133839,"template":"","meta":{"_acf_changed":false},"product_brand":[],"product_cat":[4303],"product_tag":[4386],"class_list":{"0":"post-115412","1":"product","2":"type-product","3":"status-publish","4":"has-post-thumbnail","6":"product_cat-golvtejp","7":"product_tag-gul-svart","8":"product_shipping_class-tunga-paket","9":"pa_brands-durable","10":"pa_farg-gul-svart","11":"tm-no-options","13":"first","14":"instock","15":"sale","16":"taxable","17":"shipping-taxable","18":"purchasable","19":"product-type-simple"},"acf":[],"_links":{"self":[{"href":"https:\/\/secureus.se\/fr\/wp-json\/wp\/v2\/product\/115412","targetHints":{"allow":["GET"]}}],"collection":[{"href":"https:\/\/secureus.se\/fr\/wp-json\/wp\/v2\/product"}],"about":[{"href":"https:\/\/secureus.se\/fr\/wp-json\/wp\/v2\/types\/product"}],"wp:featuredmedia":[{"embeddable":true,"href":"https:\/\/secureus.se\/fr\/wp-json\/wp\/v2\/media\/133839"}],"wp:attachment":[{"href":"https:\/\/secureus.se\/fr\/wp-json\/wp\/v2\/media?parent=115412"}],"wp:term":[{"taxonomy":"product_brand","embeddable":true,"href":"https:\/\/secureus.se\/fr\/wp-json\/wp\/v2\/product_brand?post=115412"},{"taxonomy":"product_cat","embeddable":true,"href":"https:\/\/secureus.se\/fr\/wp-json\/wp\/v2\/product_cat?post=115412"},{"taxonomy":"product_tag","embeddable":true,"href":"https:\/\/secureus.se\/fr\/wp-json\/wp\/v2\/product_tag?post=115412"}],"curies":[{"name":"wp","href":"https:\/\/api.w.org\/{rel}","templated":true}]}}