{"id":115420,"date":"2024-11-20T14:10:40","date_gmt":"2024-11-20T13:10:40","guid":{"rendered":"https:\/\/secureus.se\/?post_type=product&#038;p=115420"},"modified":"2026-01-12T12:56:01","modified_gmt":"2026-01-12T11:56:01","slug":"golvmarkeringstejp-duraline-50-07-2","status":"publish","type":"product","link":"https:\/\/secureus.se\/fr\/golvmarkeringstejp-duraline-50-07-2\/","title":{"rendered":"Ruban de marquage au sol DURALINE\u00ae 50\/07"},"content":{"rendered":"<p>Ruban de marquage \u00e0 rayures autocollant pour usage int\u00e9rieur. Utilis\u00e9 pour le marquage permanent des zones \u00e0 risque n\u00e9cessitant une attention particuli\u00e8re, par exemple les zones de circulation et les zones r\u00e9glement\u00e9es. Se fixe sur des sols en b\u00e9ton propres et secs. Niveau de r\u00e9sistance au glissement R9 selon DIN51130. Le ruban d&#039;avertissement vert\/blanc est utilis\u00e9 pour les issues de secours et les premiers secours.<br \/>\nDimensions (L x L) : Rouleau de 30 m, largeur 50 mm, \u00e9paisseur 0,7 mm<\/p>","protected":false},"excerpt":{"rendered":"<p>Ruban de marquage au sol autocollant \u00e0 rayures aux couleurs d&#039;avertissement. Augmente la s\u00e9curit\u00e9 gr\u00e2ce \u00e0 un marquage clair des zones \u00e0 risque dans les entrep\u00f4ts et l&#039;industrie.<\/p>","protected":false},"featured_media":133831,"template":"","meta":{"_acf_changed":false},"product_brand":[],"product_cat":[4303],"product_tag":[4379],"class_list":{"0":"post-115420","1":"product","2":"type-product","3":"status-publish","4":"has-post-thumbnail","6":"product_cat-golvtejp","7":"product_tag-gron-vit","8":"product_shipping_class-tunga-paket","9":"pa_brands-durable","10":"pa_farg-gron-vit","11":"tm-no-options","13":"first","14":"instock","15":"sale","16":"taxable","17":"shipping-taxable","18":"purchasable","19":"product-type-simple"},"acf":[],"_links":{"self":[{"href":"https:\/\/secureus.se\/fr\/wp-json\/wp\/v2\/product\/115420","targetHints":{"allow":["GET"]}}],"collection":[{"href":"https:\/\/secureus.se\/fr\/wp-json\/wp\/v2\/product"}],"about":[{"href":"https:\/\/secureus.se\/fr\/wp-json\/wp\/v2\/types\/product"}],"wp:featuredmedia":[{"embeddable":true,"href":"https:\/\/secureus.se\/fr\/wp-json\/wp\/v2\/media\/133831"}],"wp:attachment":[{"href":"https:\/\/secureus.se\/fr\/wp-json\/wp\/v2\/media?parent=115420"}],"wp:term":[{"taxonomy":"product_brand","embeddable":true,"href":"https:\/\/secureus.se\/fr\/wp-json\/wp\/v2\/product_brand?post=115420"},{"taxonomy":"product_cat","embeddable":true,"href":"https:\/\/secureus.se\/fr\/wp-json\/wp\/v2\/product_cat?post=115420"},{"taxonomy":"product_tag","embeddable":true,"href":"https:\/\/secureus.se\/fr\/wp-json\/wp\/v2\/product_tag?post=115420"}],"curies":[{"name":"wp","href":"https:\/\/api.w.org\/{rel}","templated":true}]}}