{"id":115421,"date":"2024-11-20T14:14:35","date_gmt":"2024-11-20T13:14:35","guid":{"rendered":"https:\/\/secureus.se\/?post_type=product&#038;p=115421"},"modified":"2026-01-12T12:48:27","modified_gmt":"2026-01-12T11:48:27","slug":"namnskylt-konvex-40x75-nal-klamfaste-2","status":"publish","type":"product","link":"https:\/\/secureus.se\/fr\/namnskylt-konvex-40x75-nal-klamfaste-2\/","title":{"rendered":"Plaque signal\u00e9tique convexe 40\u00d775, fixation goupille\/clip"},"content":{"rendered":"<p>Participants \u00e0 des conf\u00e9rences, visiteurs d&#039;entreprises, collaborateurs de salons, de magasins, professions de service et vendeurs - la liste peut \u00eatre \u00e9tendue l\u00e0 o\u00f9 l&#039;on a besoin d&#039;insignes nominatifs de diff\u00e9rentes tailles, mod\u00e8les et options de fixation. Ce panneau de 40 x 75 mm est en acrylique et l\u00e9g\u00e8rement convexe, ce qui rend le texte tr\u00e8s facile \u00e0 lire. Pince combin\u00e9e rotative qui vous donne la possibilit\u00e9 de fixer le panneau. La poign\u00e9e pour le pouce facilite le retrait de la carte. \u00c9tiquettes blanches incluses. Les \u00e9tiquettes sur feuilles A4 pour impression dans les imprimantes peuvent \u00eatre command\u00e9es s\u00e9par\u00e9ment. Utilisez le programme gratuit DURAPRINT\u00ae disponible sur www.duraprint.se pour cr\u00e9er et imprimer des \u00e9tiquettes nominatives \u00e9l\u00e9gantes.<br \/>\nAccessoires:<br \/>\n\u00c9tiquettes Badgemaker\u00ae sur feuilles A4 \u00e0 imprimer avec une imprimante, r\u00e9f.<\/p>","protected":false},"excerpt":{"rendered":"<p>\u00c9tiquette de nom en acrylique convexe l\u00e9g\u00e8re qui peut \u00eatre fix\u00e9e avec une \u00e9pingle de s\u00fbret\u00e9 ou un clip. Discret mais toujours enti\u00e8rement visible format 40x75mm. 25 pi\u00e8ces\/bo\u00eete<\/p>","protected":false},"featured_media":133615,"template":"","meta":{"_acf_changed":false},"product_brand":[],"product_cat":[4282],"product_tag":[4376],"class_list":{"0":"post-115421","1":"product","2":"type-product","3":"status-publish","4":"has-post-thumbnail","6":"product_cat-namnskyltar-med-nal","7":"product_tag-transparent","8":"product_shipping_class-tunga-paket","9":"pa_brands-durable","10":"pa_farg-transparent","11":"tm-no-options","13":"first","14":"instock","15":"sale","16":"taxable","17":"shipping-taxable","18":"purchasable","19":"product-type-simple"},"acf":[],"_links":{"self":[{"href":"https:\/\/secureus.se\/fr\/wp-json\/wp\/v2\/product\/115421","targetHints":{"allow":["GET"]}}],"collection":[{"href":"https:\/\/secureus.se\/fr\/wp-json\/wp\/v2\/product"}],"about":[{"href":"https:\/\/secureus.se\/fr\/wp-json\/wp\/v2\/types\/product"}],"wp:featuredmedia":[{"embeddable":true,"href":"https:\/\/secureus.se\/fr\/wp-json\/wp\/v2\/media\/133615"}],"wp:attachment":[{"href":"https:\/\/secureus.se\/fr\/wp-json\/wp\/v2\/media?parent=115421"}],"wp:term":[{"taxonomy":"product_brand","embeddable":true,"href":"https:\/\/secureus.se\/fr\/wp-json\/wp\/v2\/product_brand?post=115421"},{"taxonomy":"product_cat","embeddable":true,"href":"https:\/\/secureus.se\/fr\/wp-json\/wp\/v2\/product_cat?post=115421"},{"taxonomy":"product_tag","embeddable":true,"href":"https:\/\/secureus.se\/fr\/wp-json\/wp\/v2\/product_tag?post=115421"}],"curies":[{"name":"wp","href":"https:\/\/api.w.org\/{rel}","templated":true}]}}