{"id":115434,"date":"2024-12-07T15:21:15","date_gmt":"2024-12-07T14:21:15","guid":{"rendered":"https:\/\/secureus.se\/?post_type=product&#038;p=115434"},"modified":"2026-01-12T12:53:02","modified_gmt":"2026-01-12T11:53:02","slug":"plastkortskrivare-duracard-id-300","status":"publish","type":"product","link":"https:\/\/secureus.se\/fr\/plastkortskrivare-duracard-id-300\/","title":{"rendered":"Imprimante de cartes plastiques DURACARD ID 300"},"content":{"rendered":"<p>Imprimante de cartes en plastique incl. Ruban couleur YMCKO pour impression couleur en qualit\u00e9 photo et 100 cartes plastiques au format carte de cr\u00e9dit. L&#039;impression sur les cartes est d\u00e9crocheuse, r\u00e9sistante \u00e0 l&#039;eau et peut \u00eatre imprim\u00e9e en noir multicolore ou monochrome. Le magasin et le bac de sortie de l&#039;imprimante contiennent tous deux 25 cartes \u00e9paisses (0,75 mm) ou 40 cartes fines (0,5 mm). Cr\u00e9ez votre propre design sur la carte \u00e0 l&#039;aide du programme gratuit DURAPRINT\u00ae, disponible sur www.duraprint.se. Les cartes sont parfaites \u00e0 combiner avec la gamme de porte-cartes et d&#039;accessoires Durable. Vitesse d&#039;impression couleur 38 secondes\/carte = 95 cartes\/heure, noir 11 secondes\/carte = 325 cartes\/heure. 16 Mo de m\u00e9moire (RAM), USB 2.0 (compatible USB 1.1 et 3.0). Configuration syst\u00e8me requise Configuration requise pour une utilisation avec PC : Windows XP SP3, VISTA, 7 et 8 ou sup\u00e9rieur. MAC\u00a0: MAC OS X 10.6 ou sup\u00e9rieur, processeur Intel. Pour PC et MAC : 512 Mo de RAM, r\u00e9solution 1024\u00d7768 pixels, 1 port USB.<\/p>","protected":false},"excerpt":{"rendered":"<p>Imprimante de cartes en plastique incl. Ruban couleur YMCKO pour impression couleur et 100 cartes plastiques.<\/p>","protected":false},"featured_media":135556,"template":"","meta":{"_acf_changed":false},"product_brand":[],"product_cat":[4344,4347],"product_tag":[],"class_list":{"0":"post-115434","1":"product","2":"type-product","3":"status-publish","4":"has-post-thumbnail","6":"product_cat-duracard","7":"product_cat-kortskrivare-tillbehor-duracard","8":"product_shipping_class-tunga-paket","9":"pa_brands-durable","10":"tm-no-options","12":"first","13":"instock","14":"sale","15":"taxable","16":"shipping-taxable","17":"purchasable","18":"product-type-simple"},"acf":[],"_links":{"self":[{"href":"https:\/\/secureus.se\/fr\/wp-json\/wp\/v2\/product\/115434","targetHints":{"allow":["GET"]}}],"collection":[{"href":"https:\/\/secureus.se\/fr\/wp-json\/wp\/v2\/product"}],"about":[{"href":"https:\/\/secureus.se\/fr\/wp-json\/wp\/v2\/types\/product"}],"wp:featuredmedia":[{"embeddable":true,"href":"https:\/\/secureus.se\/fr\/wp-json\/wp\/v2\/media\/135556"}],"wp:attachment":[{"href":"https:\/\/secureus.se\/fr\/wp-json\/wp\/v2\/media?parent=115434"}],"wp:term":[{"taxonomy":"product_brand","embeddable":true,"href":"https:\/\/secureus.se\/fr\/wp-json\/wp\/v2\/product_brand?post=115434"},{"taxonomy":"product_cat","embeddable":true,"href":"https:\/\/secureus.se\/fr\/wp-json\/wp\/v2\/product_cat?post=115434"},{"taxonomy":"product_tag","embeddable":true,"href":"https:\/\/secureus.se\/fr\/wp-json\/wp\/v2\/product_tag?post=115434"}],"curies":[{"name":"wp","href":"https:\/\/api.w.org\/{rel}","templated":true}]}}