{"id":115439,"date":"2024-11-20T14:10:40","date_gmt":"2024-11-20T13:10:40","guid":{"rendered":"https:\/\/secureus.se\/?post_type=product&#038;p=115439"},"modified":"2025-09-15T12:41:57","modified_gmt":"2025-09-15T10:41:57","slug":"golvmarkeringstejp-duraline50-12-4","status":"publish","type":"product","link":"https:\/\/secureus.se\/fr\/golvmarkeringstejp-duraline50-12-4\/","title":{"rendered":"Ruban de marquage au sol DURALINE\u00ae50\/12"},"content":{"rendered":"<p>Ruban de marquage autocollant et extra r\u00e9sistant pour une utilisation en int\u00e9rieur. Utilis\u00e9 pour le marquage permanent des zones n\u00e9cessitant une attention particuli\u00e8re, par exemple les zones de circulation et les zones r\u00e9glement\u00e9es. Se fixe sur des sols en b\u00e9ton propres et secs. Durable et r\u00e9sistant avec indice antid\u00e9rapant R10 selon DIN51130. Bords chanfrein\u00e9s.<br \/>\nDimensions (L x L) : Rouleau de 30 m, largeur 50 mm, \u00e9paisseur 1,2 mm<\/p>","protected":false},"excerpt":{"rendered":"<p>Ruban de marquage au sol autocollant unicolore pour cr\u00e9er de l&#039;ordre et de la s\u00e9curit\u00e9 dans les entrep\u00f4ts et l&#039;industrie. 1,2 mm d&#039;\u00e9paisseur<\/p>","protected":false},"featured_media":115443,"template":"","meta":{"_acf_changed":false},"product_brand":[],"product_cat":[4303],"product_tag":[],"class_list":{"0":"post-115439","1":"product","2":"type-product","3":"status-publish","4":"has-post-thumbnail","6":"product_cat-golvtejp","7":"pa_brands-durable","8":"pa_farg-gul","9":"tm-no-options","11":"first","12":"instock","13":"sale","14":"taxable","15":"shipping-taxable","16":"purchasable","17":"product-type-simple"},"acf":[],"_links":{"self":[{"href":"https:\/\/secureus.se\/fr\/wp-json\/wp\/v2\/product\/115439","targetHints":{"allow":["GET"]}}],"collection":[{"href":"https:\/\/secureus.se\/fr\/wp-json\/wp\/v2\/product"}],"about":[{"href":"https:\/\/secureus.se\/fr\/wp-json\/wp\/v2\/types\/product"}],"wp:featuredmedia":[{"embeddable":true,"href":"https:\/\/secureus.se\/fr\/wp-json\/wp\/v2\/media\/115443"}],"wp:attachment":[{"href":"https:\/\/secureus.se\/fr\/wp-json\/wp\/v2\/media?parent=115439"}],"wp:term":[{"taxonomy":"product_brand","embeddable":true,"href":"https:\/\/secureus.se\/fr\/wp-json\/wp\/v2\/product_brand?post=115439"},{"taxonomy":"product_cat","embeddable":true,"href":"https:\/\/secureus.se\/fr\/wp-json\/wp\/v2\/product_cat?post=115439"},{"taxonomy":"product_tag","embeddable":true,"href":"https:\/\/secureus.se\/fr\/wp-json\/wp\/v2\/product_tag?post=115439"}],"curies":[{"name":"wp","href":"https:\/\/api.w.org\/{rel}","templated":true}]}}