{"id":115476,"date":"2024-11-20T13:57:21","date_gmt":"2024-11-20T12:57:21","guid":{"rendered":"https:\/\/secureus.se\/?post_type=product&#038;p=115476"},"modified":"2026-01-12T12:26:50","modified_gmt":"2026-01-12T11:26:50","slug":"inforam-sjalvhaftande-duraframe-a4-3","status":"publish","type":"product","link":"https:\/\/secureus.se\/fr\/inforam-sjalvhaftande-duraframe-a4-3\/","title":{"rendered":"Infoframe autocollant DURAFRAME\u00ae A4"},"content":{"rendered":"<p>Utilisez les cadres d&#039;information autocollants DURAFRAME\u00ae pour afficher des offres promotionnelles, des horaires d&#039;ouverture, des panneaux et d&#039;autres informations temporaires ou plus permanentes de mani\u00e8re professionnelle, rapide et simple :<br \/>\nRetirez le papier de protection - collez le Duraframe - soulevez la fa\u00e7ade avec la fermeture magn\u00e9tique - mettez une ou deux feuilles - rabattez la fa\u00e7ade - c&#039;est pr\u00eat ! Facile \u00e0 installer \u2013 sans outils ni autres accessoires \u2013 sur des surfaces fermes et lisses. Manipulation propre et plus facile que, par exemple, du ruban adh\u00e9sif, des agrafes ou des agrafes. L&#039;insert reste solidement en place en position portrait et paysage gr\u00e2ce aux aimants sur les 3 c\u00f4t\u00e9s ouvrables. Le cadre est identique \u00e0 l\u2019avant et \u00e0 l\u2019arri\u00e8re, ce qui est id\u00e9al lorsqu\u2019il est plac\u00e9 sur des vitres pour un message recto-verso. Il est amovible des vitres. Les surfaces peintes, enduites ou stratifi\u00e9es peuvent \u00eatre endommag\u00e9es si le cadre est retir\u00e9.<br \/>\nPour les documents au format A4. Dimensions ext\u00e9rieures 236\u00d7323 mm. DURAFRAME\u00ae est disponible pour les documents du A6 au A2 dans diff\u00e9rents formats d&#039;emballage. Disponible en plusieurs couleurs pour que la signal\u00e9tique corresponde au message, \u00e0 la couleur du logo, \u00e0 la saison ou soit suffisamment visible ou peut-\u00eatre au contraire - soit discr\u00e8te.<br \/>\nEmballage avec 2 pcs.<\/p>\n<p>Pour une utilisation sur des supports sensibles tels que le papier peint, les surfaces peintes, enduites ou stratifi\u00e9es, veuillez utiliser DURAFRAME\u00ae WALLPAPER.<br \/>\nPour une utilisation sur des surfaces vitr\u00e9es expos\u00e9es au soleil, nous recommandons DURAFRAME\u00ae SUN. <\/p>","protected":false},"excerpt":{"rendered":"<p>Cadre d&#039;informations autocollant pour afficher les informations de mani\u00e8re ordonn\u00e9e. Devant avec fermeture magn\u00e9tique pour un \u00e9change facile des inserts. <\/p>","protected":false},"featured_media":134797,"template":"","meta":{"_acf_changed":false},"product_brand":[],"product_cat":[4296],"product_tag":[],"class_list":{"0":"post-115476","1":"product","2":"type-product","3":"status-publish","4":"has-post-thumbnail","6":"product_cat-inforamar-for-slata-ytor","7":"product_shipping_class-tunga-paket","8":"pa_brands-durable","9":"pa_farg-guld","10":"tm-no-options","12":"first","13":"instock","14":"sale","15":"taxable","16":"shipping-taxable","17":"purchasable","18":"product-type-simple"},"acf":[],"_links":{"self":[{"href":"https:\/\/secureus.se\/fr\/wp-json\/wp\/v2\/product\/115476","targetHints":{"allow":["GET"]}}],"collection":[{"href":"https:\/\/secureus.se\/fr\/wp-json\/wp\/v2\/product"}],"about":[{"href":"https:\/\/secureus.se\/fr\/wp-json\/wp\/v2\/types\/product"}],"wp:featuredmedia":[{"embeddable":true,"href":"https:\/\/secureus.se\/fr\/wp-json\/wp\/v2\/media\/134797"}],"wp:attachment":[{"href":"https:\/\/secureus.se\/fr\/wp-json\/wp\/v2\/media?parent=115476"}],"wp:term":[{"taxonomy":"product_brand","embeddable":true,"href":"https:\/\/secureus.se\/fr\/wp-json\/wp\/v2\/product_brand?post=115476"},{"taxonomy":"product_cat","embeddable":true,"href":"https:\/\/secureus.se\/fr\/wp-json\/wp\/v2\/product_cat?post=115476"},{"taxonomy":"product_tag","embeddable":true,"href":"https:\/\/secureus.se\/fr\/wp-json\/wp\/v2\/product_tag?post=115476"}],"curies":[{"name":"wp","href":"https:\/\/api.w.org\/{rel}","templated":true}]}}