{"id":115505,"date":"2024-11-20T13:56:48","date_gmt":"2024-11-20T12:56:48","guid":{"rendered":"https:\/\/secureus.se\/?post_type=product&#038;p=115505"},"modified":"2026-01-12T12:29:35","modified_gmt":"2026-01-12T11:29:35","slug":"infoficka-a3-statiskt-vidhaftning-5-pack","status":"publish","type":"product","link":"https:\/\/secureus.se\/fr\/infoficka-a3-statiskt-vidhaftning-5-pack\/","title":{"rendered":"Pochette d&#039;information A3 \u00e0 adh\u00e9rence statique, paquet de 5"},"content":{"rendered":"<p>Utilisez la pochette d&#039;information pour les offres, la publicit\u00e9 et les informations plac\u00e9es \u00e0 l&#039;int\u00e9rieur des comptoirs en verre, des vitrines de magasin ou des vitres de voiture. La pochette adh\u00e8re statiquement aux surfaces en verre lisses et bien nettoy\u00e9es, m\u00eame courb\u00e9es, et ne laisse aucune trace une fois retir\u00e9e. R\u00e9sistant \u00e0 la chaleur jusqu&#039;\u00e0 70\u00b0 et stable aux UV jusqu&#039;\u00e0 2 ans. Un trou allong\u00e9 au milieu de la poche facilite l&#039;insertion ou le remplacement des documents. Peut \u00eatre utilis\u00e9 plusieurs fois et en format portrait ou paysage.<br \/>\nPour documents au format A3, dimensions int\u00e9rieures 303\u00d7430 mm. Dimensions ext\u00e9rieures 323\u00d7236 mm.<br \/>\nEmballage de 5 pi\u00e8ces.<\/p>","protected":false},"excerpt":{"rendered":"<p>Poche d&#039;information pour les surfaces vitr\u00e9es int\u00e9rieures - \u00e9galement courb\u00e9es, par ex.<\/p>","protected":false},"featured_media":135129,"template":"","meta":{"_acf_changed":false},"product_brand":[],"product_cat":[4294],"product_tag":[4394],"class_list":{"0":"post-115505","1":"product","2":"type-product","3":"status-publish","4":"has-post-thumbnail","6":"product_cat-inforamar-for-solexponerade-ytor","7":"product_tag-antracitgra","8":"product_shipping_class-tunga-paket","9":"pa_brands-durable","10":"pa_farg-antracitgra","11":"tm-no-options","13":"first","14":"instock","15":"sale","16":"taxable","17":"shipping-taxable","18":"purchasable","19":"product-type-simple"},"acf":[],"_links":{"self":[{"href":"https:\/\/secureus.se\/fr\/wp-json\/wp\/v2\/product\/115505","targetHints":{"allow":["GET"]}}],"collection":[{"href":"https:\/\/secureus.se\/fr\/wp-json\/wp\/v2\/product"}],"about":[{"href":"https:\/\/secureus.se\/fr\/wp-json\/wp\/v2\/types\/product"}],"wp:featuredmedia":[{"embeddable":true,"href":"https:\/\/secureus.se\/fr\/wp-json\/wp\/v2\/media\/135129"}],"wp:attachment":[{"href":"https:\/\/secureus.se\/fr\/wp-json\/wp\/v2\/media?parent=115505"}],"wp:term":[{"taxonomy":"product_brand","embeddable":true,"href":"https:\/\/secureus.se\/fr\/wp-json\/wp\/v2\/product_brand?post=115505"},{"taxonomy":"product_cat","embeddable":true,"href":"https:\/\/secureus.se\/fr\/wp-json\/wp\/v2\/product_cat?post=115505"},{"taxonomy":"product_tag","embeddable":true,"href":"https:\/\/secureus.se\/fr\/wp-json\/wp\/v2\/product_tag?post=115505"}],"curies":[{"name":"wp","href":"https:\/\/api.w.org\/{rel}","templated":true}]}}