{"id":115530,"date":"2024-11-20T14:11:21","date_gmt":"2024-11-20T13:11:21","guid":{"rendered":"https:\/\/secureus.se\/?post_type=product&#038;p=115530"},"modified":"2025-09-15T12:43:41","modified_gmt":"2025-09-15T10:43:41","slug":"kabelsamlare-cavoline-grip-10","status":"publish","type":"product","link":"https:\/\/secureus.se\/fr\/kabelsamlare-cavoline-grip-10\/","title":{"rendered":"Collecteur de c\u00e2bles CAVOLINE\u00ae GRIP 10"},"content":{"rendered":"<p>Gardez les c\u00e2bles en ordre avec CAVOLINE\u00ae aussi bien au bureau qu&#039;\u00e0 la maison. R\u00e9cup\u00e9rez les c\u00e2bles et cela semble plus soign\u00e9 et est \u00e9galement plus facile \u00e0 nettoyer.<br \/>\nLe velcro de 1 cm de large est coup\u00e9 \u00e0 la longueur souhait\u00e9e pour s&#039;adapter \u00e0 diff\u00e9rents paquets. Le groupe peut \u00eatre utilis\u00e9 plusieurs fois.<br \/>\n  Dimensions : 1 m x 1 cm (L x l)<\/p>","protected":false},"excerpt":{"rendered":"<p>Collecteur de c\u00e2bles constitu\u00e9 d&#039;une bande velcro de 1 cm de large coup\u00e9e \u00e0 la longueur souhait\u00e9e.<\/p>","protected":false},"featured_media":133621,"template":"","meta":{"_acf_changed":false},"product_brand":[],"product_cat":[4241,4287],"product_tag":[4381],"class_list":{"0":"post-115530","1":"product","2":"type-product","3":"status-publish","4":"has-post-thumbnail","6":"product_cat-datortillbehor","7":"product_cat-kabelsamlare","8":"product_tag-svart","9":"pa_brands-durable","10":"pa_farg-svart","11":"tm-no-options","13":"first","14":"instock","15":"sale","16":"taxable","17":"shipping-taxable","18":"purchasable","19":"product-type-simple"},"acf":[],"_links":{"self":[{"href":"https:\/\/secureus.se\/fr\/wp-json\/wp\/v2\/product\/115530","targetHints":{"allow":["GET"]}}],"collection":[{"href":"https:\/\/secureus.se\/fr\/wp-json\/wp\/v2\/product"}],"about":[{"href":"https:\/\/secureus.se\/fr\/wp-json\/wp\/v2\/types\/product"}],"wp:featuredmedia":[{"embeddable":true,"href":"https:\/\/secureus.se\/fr\/wp-json\/wp\/v2\/media\/133621"}],"wp:attachment":[{"href":"https:\/\/secureus.se\/fr\/wp-json\/wp\/v2\/media?parent=115530"}],"wp:term":[{"taxonomy":"product_brand","embeddable":true,"href":"https:\/\/secureus.se\/fr\/wp-json\/wp\/v2\/product_brand?post=115530"},{"taxonomy":"product_cat","embeddable":true,"href":"https:\/\/secureus.se\/fr\/wp-json\/wp\/v2\/product_cat?post=115530"},{"taxonomy":"product_tag","embeddable":true,"href":"https:\/\/secureus.se\/fr\/wp-json\/wp\/v2\/product_tag?post=115530"}],"curies":[{"name":"wp","href":"https:\/\/api.w.org\/{rel}","templated":true}]}}