{"id":115549,"date":"2024-11-20T14:13:37","date_gmt":"2024-11-20T13:13:37","guid":{"rendered":"https:\/\/secureus.se\/?post_type=product&#038;p=115549"},"modified":"2026-01-12T12:51:38","modified_gmt":"2026-01-12T11:51:38","slug":"namnskylt-a6-halsband-duo","status":"publish","type":"product","link":"https:\/\/secureus.se\/fr\/namnskylt-a6-halsband-duo\/","title":{"rendered":"Plaque signal\u00e9tique A6, duo collier"},"content":{"rendered":"<p>Pour les participants aux conf\u00e9rences, aux \u00e9v\u00e9nements et aux lancements, il est pratique de disposer d&#039;un panneau d&#039;\u00e9v\u00e9nement qui peut \u00eatre utilis\u00e9 comme panneau nominatif, mais aussi pour les \u00e9l\u00e9ments du programme et d&#039;autres informations. Il s&#039;agit d&#039;une pochette en polypropyl\u00e8ne A6 avec une pochette pour cartes de visite au dos, compl\u00e9t\u00e9e par un col textile de 2 cm de large avec ouverture de s\u00e9curit\u00e9 et deux mousquetons. Des mousquetons doubles garantissent que le panneau reste toujours droit afin que les participants voient le nom de chacun. Le collier mesure 100 cm crochets compris et la bande textile seule mesure 88 cm. Des \u00e9tiquettes blanches en bande sont incluses. Les \u00e9tiquettes sur feuilles A4 pour impression dans les imprimantes peuvent \u00eatre command\u00e9es s\u00e9par\u00e9ment. Utilisez le programme gratuit DURAPRINT\u00ae disponible sur www.duraprint.se pour cr\u00e9er et imprimer des \u00e9tiquettes nominatives \u00e9l\u00e9gantes.<br \/>\nAccessoires:<br \/>\n\u00c9tiquettes Badgemaker\u00ae sur feuilles A4 \u00e0 imprimer avec une imprimante, r\u00e9f.<\/p>","protected":false},"excerpt":{"rendered":"<p>Plaque signal\u00e9tique pour \u00e9v\u00e9nements avec une pochette A6 avec espace pour par exemple les \u00e9l\u00e9ments du programme. Complet avec collier textile. <\/p>","protected":false},"featured_media":133779,"template":"","meta":{"_acf_changed":false},"product_brand":[],"product_cat":[4283],"product_tag":[4381],"class_list":{"0":"post-115549","1":"product","2":"type-product","3":"status-publish","4":"has-post-thumbnail","6":"product_cat-namnskyltar-med-nyckelband","7":"product_tag-svart","8":"product_shipping_class-tunga-paket","9":"pa_brands-durable","10":"pa_farg-svart","11":"tm-no-options","13":"first","14":"instock","15":"sale","16":"taxable","17":"shipping-taxable","18":"purchasable","19":"product-type-simple"},"acf":[],"_links":{"self":[{"href":"https:\/\/secureus.se\/fr\/wp-json\/wp\/v2\/product\/115549","targetHints":{"allow":["GET"]}}],"collection":[{"href":"https:\/\/secureus.se\/fr\/wp-json\/wp\/v2\/product"}],"about":[{"href":"https:\/\/secureus.se\/fr\/wp-json\/wp\/v2\/types\/product"}],"wp:featuredmedia":[{"embeddable":true,"href":"https:\/\/secureus.se\/fr\/wp-json\/wp\/v2\/media\/133779"}],"wp:attachment":[{"href":"https:\/\/secureus.se\/fr\/wp-json\/wp\/v2\/media?parent=115549"}],"wp:term":[{"taxonomy":"product_brand","embeddable":true,"href":"https:\/\/secureus.se\/fr\/wp-json\/wp\/v2\/product_brand?post=115549"},{"taxonomy":"product_cat","embeddable":true,"href":"https:\/\/secureus.se\/fr\/wp-json\/wp\/v2\/product_cat?post=115549"},{"taxonomy":"product_tag","embeddable":true,"href":"https:\/\/secureus.se\/fr\/wp-json\/wp\/v2\/product_tag?post=115549"}],"curies":[{"name":"wp","href":"https:\/\/api.w.org\/{rel}","templated":true}]}}