{"id":115560,"date":"2024-11-20T14:13:38","date_gmt":"2024-11-20T13:13:38","guid":{"rendered":"https:\/\/secureus.se\/?post_type=product&#038;p=115560"},"modified":"2026-01-12T12:50:54","modified_gmt":"2026-01-12T11:50:54","slug":"namnskylt-badgefix-46x105-sjalvhaftande","status":"publish","type":"product","link":"https:\/\/secureus.se\/fr\/namnskylt-badgefix-46x105-sjalvhaftande\/","title":{"rendered":"Plaque signal\u00e9tique BADGEFIX 46\u00d7105, autocollante"},"content":{"rendered":"<p>Participants \u00e0 des conf\u00e9rences, visiteurs d&#039;entreprises, collaborateurs de salons, de magasins, professions de service et vendeurs - la liste peut \u00eatre \u00e9tendue l\u00e0 o\u00f9 l&#039;on a besoin d&#039;insignes nominatifs de diff\u00e9rentes tailles, mod\u00e8les et options de fixation. Cette \u00e9tiquette nominative autocollante en soie d&#039;ac\u00e9tate au format 46\u00d7105 mm est extra large avec beaucoup d&#039;espace pour le nom et le logo. Permet aux gens de garder leurs distances plus facilement car la lisibilit\u00e9 est bonne m\u00eame \u00e0 distance. Utilisez le programme gratuit DURAPRINT\u00ae disponible sur www.duraprint.se pour cr\u00e9er et imprimer des \u00e9tiquettes nominatives \u00e9l\u00e9gantes. D\u00e9conseill\u00e9 sur la soie, le daim, le cuir et autres mati\u00e8res sensibles. 20 feuilles = 240 \u00e9tiquettes nominatives dans un paquet.<\/p>","protected":false},"excerpt":{"rendered":"<p>Plaque signal\u00e9tique autocollante en soie ac\u00e9tate 46\u00d7105 mm sur feuilles A4 imprimables. Extra large pour une bonne lisibilit\u00e9 \u00e0 longue distance.<\/p>","protected":false},"featured_media":133702,"template":"","meta":{"_acf_changed":false},"product_brand":[],"product_cat":[4275,4274],"product_tag":[4396],"class_list":{"0":"post-115560","1":"product","2":"type-product","3":"status-publish","4":"has-post-thumbnail","6":"product_cat-namnskyltar-kompletta-set","7":"product_cat-namnskyltar-sjalvhaftande","8":"product_tag-vit","9":"product_shipping_class-tunga-paket","10":"pa_brands-durable","11":"pa_farg-vit","12":"tm-no-options","14":"first","15":"instock","16":"sale","17":"taxable","18":"shipping-taxable","19":"purchasable","20":"product-type-simple"},"acf":[],"_links":{"self":[{"href":"https:\/\/secureus.se\/fr\/wp-json\/wp\/v2\/product\/115560","targetHints":{"allow":["GET"]}}],"collection":[{"href":"https:\/\/secureus.se\/fr\/wp-json\/wp\/v2\/product"}],"about":[{"href":"https:\/\/secureus.se\/fr\/wp-json\/wp\/v2\/types\/product"}],"wp:featuredmedia":[{"embeddable":true,"href":"https:\/\/secureus.se\/fr\/wp-json\/wp\/v2\/media\/133702"}],"wp:attachment":[{"href":"https:\/\/secureus.se\/fr\/wp-json\/wp\/v2\/media?parent=115560"}],"wp:term":[{"taxonomy":"product_brand","embeddable":true,"href":"https:\/\/secureus.se\/fr\/wp-json\/wp\/v2\/product_brand?post=115560"},{"taxonomy":"product_cat","embeddable":true,"href":"https:\/\/secureus.se\/fr\/wp-json\/wp\/v2\/product_cat?post=115560"},{"taxonomy":"product_tag","embeddable":true,"href":"https:\/\/secureus.se\/fr\/wp-json\/wp\/v2\/product_tag?post=115560"}],"curies":[{"name":"wp","href":"https:\/\/api.w.org\/{rel}","templated":true}]}}