{"id":115573,"date":"2024-12-07T15:21:13","date_gmt":"2024-12-07T14:21:13","guid":{"rendered":"https:\/\/secureus.se\/?post_type=product&#038;p=115573"},"modified":"2026-03-11T14:42:24","modified_gmt":"2026-03-11T13:42:24","slug":"nyckelskap-key-box-54-med-cylinderlas","status":"publish","type":"product","link":"https:\/\/secureus.se\/fr\/nyckelskap-key-box-54-med-cylinderlas\/","title":{"rendered":"Armoire \u00e0 cl\u00e9s KEY BOX 54 avec serrure \u00e0 cylindre"},"content":{"rendered":"<p>Avec une armoire \u00e0 cl\u00e9s, ranger et collecter ses cl\u00e9s devient un jeu d&#039;enfant, pour une s\u00e9curit\u00e9 et un ordre optimaux. La gamme d&#039;armoires \u00e0 cl\u00e9s KEY BOX de Durable, disponible en plusieurs mod\u00e8les, est fabriqu\u00e9e en aluminium et pr\u00e9sente une liste claire de son contenu \u00e0 l&#039;int\u00e9rieur de la porte. Les porte-cl\u00e9s sont sp\u00e9cialement con\u00e7us pour \u00eatre accroch\u00e9s entre deux crochets sur la barre porte-cl\u00e9s, assurant une visibilit\u00e9 parfaite et permettant de suspendre la cl\u00e9 derri\u00e8re le porte-cl\u00e9s. Un jeu de 6 porte-cl\u00e9s (rouge, jaune, bleu et noir) est inclus, ainsi que les vis et chevilles n\u00e9cessaires \u00e0 la fixation. Des mod\u00e8les pour imprimer les \u00e9tiquettes des porte-cl\u00e9s et la liste des cl\u00e9s sont disponibles en t\u00e9l\u00e9chargement sur https:\/\/www.durable.se\/service\/ladda-ner\/mallar.html. Cette armoire \u00e0 cl\u00e9s est \u00e9quip\u00e9e d&#039;une serrure \u00e0 cylindre (2 cl\u00e9s fournies) et peut contenir jusqu&#039;\u00e0 54 cl\u00e9s. Dimensions\u00a0: 28 x 30 x 12 cm (H x L x P).<br \/>\nAccessoires : Porte-cl\u00e9s suppl\u00e9mentaires num\u00e9ro d&#039;article 1957 en diff\u00e9rentes couleurs.<\/p>","protected":false},"excerpt":{"rendered":"<p>Armoire \u00e0 cl\u00e9s en aluminium permettant de ranger 54 cl\u00e9s.<\/p>","protected":false},"featured_media":135305,"template":"","meta":{"_acf_changed":false},"product_brand":[],"product_cat":[1932],"product_tag":[4382],"class_list":{"0":"post-115573","1":"product","2":"type-product","3":"status-publish","4":"has-post-thumbnail","6":"product_cat-nyckelgomma-nyckelbox","7":"product_tag-silver","8":"product_shipping_class-tunga-paket","9":"pa_brands-durable","10":"pa_farg-silver","11":"tm-no-options","13":"first","14":"instock","15":"sale","16":"taxable","17":"shipping-taxable","18":"purchasable","19":"product-type-simple"},"acf":[],"_links":{"self":[{"href":"https:\/\/secureus.se\/fr\/wp-json\/wp\/v2\/product\/115573","targetHints":{"allow":["GET"]}}],"collection":[{"href":"https:\/\/secureus.se\/fr\/wp-json\/wp\/v2\/product"}],"about":[{"href":"https:\/\/secureus.se\/fr\/wp-json\/wp\/v2\/types\/product"}],"wp:featuredmedia":[{"embeddable":true,"href":"https:\/\/secureus.se\/fr\/wp-json\/wp\/v2\/media\/135305"}],"wp:attachment":[{"href":"https:\/\/secureus.se\/fr\/wp-json\/wp\/v2\/media?parent=115573"}],"wp:term":[{"taxonomy":"product_brand","embeddable":true,"href":"https:\/\/secureus.se\/fr\/wp-json\/wp\/v2\/product_brand?post=115573"},{"taxonomy":"product_cat","embeddable":true,"href":"https:\/\/secureus.se\/fr\/wp-json\/wp\/v2\/product_cat?post=115573"},{"taxonomy":"product_tag","embeddable":true,"href":"https:\/\/secureus.se\/fr\/wp-json\/wp\/v2\/product_tag?post=115573"}],"curies":[{"name":"wp","href":"https:\/\/api.w.org\/{rel}","templated":true}]}}