{"id":115576,"date":"2024-12-07T15:21:15","date_gmt":"2024-12-07T14:21:15","guid":{"rendered":"https:\/\/secureus.se\/?post_type=product&#038;p=115576"},"modified":"2026-01-12T12:29:21","modified_gmt":"2026-01-12T11:29:21","slug":"plastficka-vattentalig-a3-sjalvhaftande","status":"publish","type":"product","link":"https:\/\/secureus.se\/fr\/plastficka-vattentalig-a3-sjalvhaftande\/","title":{"rendered":"Pochette plastique \u00e9tanche A3 autocollante"},"content":{"rendered":"<p>Pochettes en plastique r\u00e9sistantes \u00e0 l&#039;eau et \u00e0 l&#039;eau, aux intemp\u00e9ries et aux rayures, r\u00e9sistantes aux UV et non r\u00e9fl\u00e9chissantes pour les informations dans les environnements expos\u00e9s \u00e0 la pluie, \u00e0 l&#039;humidit\u00e9, aux \u00e9claboussures et \u00e0 la salet\u00e9, par exemple les piscines, les saunas, les ateliers de bricolage et les magasins de jardinage. Lavable et peut \u00eatre d\u00e9sinfect\u00e9. Le signe\/information peut \u00eatre r\u00e9alis\u00e9 \u00e0 l\u2019aide de mod\u00e8les trouv\u00e9s dans le programme gratuit duraprint. Les pochettes plastiques peuvent \u00eatre utilis\u00e9es en format portrait ou paysage, 2 feuilles A3 160g\/m2 sont incluses. Se fixe sur des surfaces propres, lisses, fermes et s\u00e8ches gr\u00e2ce aux 6 tampons autocollants inclus, qui peuvent \u00eatre retir\u00e9s sans laisser de r\u00e9sidus d&#039;adh\u00e9sif. 5 pi\u00e8ces dans un sachet. <\/p>","protected":false},"excerpt":{"rendered":"<p>Pochette en plastique \u00e9tanche pour informations en ext\u00e9rieur et dans des environnements int\u00e9rieurs humides. Autocollant et amovible.<\/p>","protected":false},"featured_media":135495,"template":"","meta":{"_acf_changed":false},"product_brand":[],"product_cat":[4306],"product_tag":[4376],"class_list":{"0":"post-115576","1":"product","2":"type-product","3":"status-publish","4":"has-post-thumbnail","6":"product_cat-markning-pallstall","7":"product_tag-transparent","8":"product_shipping_class-tunga-paket","9":"pa_brands-durable","10":"pa_farg-transparent","11":"tm-no-options","13":"first","14":"instock","15":"sale","16":"taxable","17":"shipping-taxable","18":"purchasable","19":"product-type-simple"},"acf":[],"_links":{"self":[{"href":"https:\/\/secureus.se\/fr\/wp-json\/wp\/v2\/product\/115576","targetHints":{"allow":["GET"]}}],"collection":[{"href":"https:\/\/secureus.se\/fr\/wp-json\/wp\/v2\/product"}],"about":[{"href":"https:\/\/secureus.se\/fr\/wp-json\/wp\/v2\/types\/product"}],"wp:featuredmedia":[{"embeddable":true,"href":"https:\/\/secureus.se\/fr\/wp-json\/wp\/v2\/media\/135495"}],"wp:attachment":[{"href":"https:\/\/secureus.se\/fr\/wp-json\/wp\/v2\/media?parent=115576"}],"wp:term":[{"taxonomy":"product_brand","embeddable":true,"href":"https:\/\/secureus.se\/fr\/wp-json\/wp\/v2\/product_brand?post=115576"},{"taxonomy":"product_cat","embeddable":true,"href":"https:\/\/secureus.se\/fr\/wp-json\/wp\/v2\/product_cat?post=115576"},{"taxonomy":"product_tag","embeddable":true,"href":"https:\/\/secureus.se\/fr\/wp-json\/wp\/v2\/product_tag?post=115576"}],"curies":[{"name":"wp","href":"https:\/\/api.w.org\/{rel}","templated":true}]}}