{"id":115597,"date":"2024-12-07T15:21:14","date_gmt":"2024-12-07T14:21:14","guid":{"rendered":"https:\/\/secureus.se\/?post_type=product&#038;p=115597"},"modified":"2026-01-12T12:08:32","modified_gmt":"2026-01-12T11:08:32","slug":"nyckelbricka-key-clip-3","status":"publish","type":"product","link":"https:\/\/secureus.se\/fr\/nyckelbricka-key-clip-3\/","title":{"rendered":"Porte-cl\u00e9s CLIP CL\u00c9"},"content":{"rendered":"<p>Porte-cl\u00e9s con\u00e7u pour \u00eatre utilis\u00e9 avec l&#039;armoire \u00e0 cl\u00e9s KEY BOX de Durable, qui comporte des bandes de cl\u00e9s sp\u00e9ciales o\u00f9 les petits boutons lat\u00e9raux du porte-cl\u00e9s reposent sur chaque crochet. Cela signifie que la cl\u00e9 est suspendue derri\u00e8re le plateau et que la fen\u00eatre d&#039;\u00e9tiquette est toujours lisible. Pour changer l&#039;\u00e9tiquette, il suffit de soulever la fa\u00e7ade transparente et ni la cl\u00e9 ni l&#039;anneau porte-cl\u00e9s n&#039;ont besoin d&#039;\u00eatre retir\u00e9s. Les dimensions de l&#039;\u00e9tiquette sont de 17\u00d740 mm et les dimensions ext\u00e9rieures du plateau lui-m\u00eame sont de 25\u00d765 mm. Des mod\u00e8les d&#039;impression d&#039;\u00e9tiquettes pour les porte-cl\u00e9s peuvent \u00eatre t\u00e9l\u00e9charg\u00e9s \u00e0 partir de https:\/\/www.durable.se\/service\/ladda-ner\/mallar.html.<\/p>","protected":false},"excerpt":{"rendered":"<p>Porte-cl\u00e9s sp\u00e9cialement con\u00e7u pour l&#039;armoire \u00e0 cl\u00e9s KEY BOX de Durable. 6 pi\u00e8ces\/bo\u00eete<\/p>","protected":false},"featured_media":135417,"template":"","meta":{"_acf_changed":false},"product_brand":[],"product_cat":[1932],"product_tag":[4381],"class_list":{"0":"post-115597","1":"product","2":"type-product","3":"status-publish","4":"has-post-thumbnail","6":"product_cat-nyckelgomma-nyckelbox","7":"product_tag-svart","8":"product_shipping_class-tunga-paket","9":"pa_brands-durable","10":"pa_farg-svart","11":"tm-no-options","13":"first","14":"instock","15":"sale","16":"taxable","17":"shipping-taxable","18":"purchasable","19":"product-type-simple"},"acf":[],"_links":{"self":[{"href":"https:\/\/secureus.se\/fr\/wp-json\/wp\/v2\/product\/115597","targetHints":{"allow":["GET"]}}],"collection":[{"href":"https:\/\/secureus.se\/fr\/wp-json\/wp\/v2\/product"}],"about":[{"href":"https:\/\/secureus.se\/fr\/wp-json\/wp\/v2\/types\/product"}],"wp:featuredmedia":[{"embeddable":true,"href":"https:\/\/secureus.se\/fr\/wp-json\/wp\/v2\/media\/135417"}],"wp:attachment":[{"href":"https:\/\/secureus.se\/fr\/wp-json\/wp\/v2\/media?parent=115597"}],"wp:term":[{"taxonomy":"product_brand","embeddable":true,"href":"https:\/\/secureus.se\/fr\/wp-json\/wp\/v2\/product_brand?post=115597"},{"taxonomy":"product_cat","embeddable":true,"href":"https:\/\/secureus.se\/fr\/wp-json\/wp\/v2\/product_cat?post=115597"},{"taxonomy":"product_tag","embeddable":true,"href":"https:\/\/secureus.se\/fr\/wp-json\/wp\/v2\/product_tag?post=115597"}],"curies":[{"name":"wp","href":"https:\/\/api.w.org\/{rel}","templated":true}]}}