{"id":115647,"date":"2024-11-20T14:14:57","date_gmt":"2024-11-20T13:14:57","guid":{"rendered":"https:\/\/secureus.se\/?post_type=product&#038;p=115647"},"modified":"2026-01-12T12:03:56","modified_gmt":"2026-01-12T11:03:56","slug":"pallfotsficka-145-x-75-mm","status":"publish","type":"product","link":"https:\/\/secureus.se\/fr\/pallfotsficka-145-x-75-mm\/","title":{"rendered":"Poche pour les pieds 145 x 75 mm"},"content":{"rendered":"<p>Un \u00e9tiquetage clair et complet des palettes am\u00e9liore et rationalise le processus de travail dans les entrep\u00f4ts et dans les installations de production. Ces pochettes en plastique en polypropyl\u00e8ne durable peuvent \u00eatre lues avec un scanner et prot\u00e8gent les inserts rempla\u00e7ables de la salet\u00e9 et de l&#039;usure tout en facilitant l&#039;identification des palettes. La banderole est plac\u00e9e autour du pied de la palette et ferm\u00e9e par une fermeture velcro. Les poches avec poign\u00e9es pour les pouces sur les quatre c\u00f4t\u00e9s facilitent le retrait et le remplacement de l&#039;\u00e9tiquette. Un mod\u00e8le gratuit pour l&#039;\u00e9tiquette est disponible sur www.duraprint.se<br \/>\nDimensions int\u00e9rieures : 140 x 65\/90 x 65 (LxH)<br \/>\nDimensions ext\u00e9rieures : 596 x 75 x 0,8 mm (LxHxP)<br \/>\nAccessoires : \u00c9tiquettes sur feuilles A4, art. N\u00b0 101002<\/p>","protected":false},"excerpt":{"rendered":"<p>Poche de pied de palette pour marquer les palettes. Se fixe autour du pied de la palette par fermeture velcro.<\/p>","protected":false},"featured_media":133551,"template":"","meta":{"_acf_changed":false},"product_brand":[],"product_cat":[4306],"product_tag":[4395],"class_list":{"0":"post-115647","1":"product","2":"type-product","3":"status-publish","4":"has-post-thumbnail","6":"product_cat-markning-pallstall","7":"product_tag-gul","8":"product_shipping_class-tunga-paket","9":"pa_brands-durable","10":"pa_farg-gul","11":"tm-no-options","13":"first","14":"instock","15":"sale","16":"taxable","17":"shipping-taxable","18":"purchasable","19":"product-type-simple"},"acf":[],"_links":{"self":[{"href":"https:\/\/secureus.se\/fr\/wp-json\/wp\/v2\/product\/115647","targetHints":{"allow":["GET"]}}],"collection":[{"href":"https:\/\/secureus.se\/fr\/wp-json\/wp\/v2\/product"}],"about":[{"href":"https:\/\/secureus.se\/fr\/wp-json\/wp\/v2\/types\/product"}],"wp:featuredmedia":[{"embeddable":true,"href":"https:\/\/secureus.se\/fr\/wp-json\/wp\/v2\/media\/133551"}],"wp:attachment":[{"href":"https:\/\/secureus.se\/fr\/wp-json\/wp\/v2\/media?parent=115647"}],"wp:term":[{"taxonomy":"product_brand","embeddable":true,"href":"https:\/\/secureus.se\/fr\/wp-json\/wp\/v2\/product_brand?post=115647"},{"taxonomy":"product_cat","embeddable":true,"href":"https:\/\/secureus.se\/fr\/wp-json\/wp\/v2\/product_cat?post=115647"},{"taxonomy":"product_tag","embeddable":true,"href":"https:\/\/secureus.se\/fr\/wp-json\/wp\/v2\/product_tag?post=115647"}],"curies":[{"name":"wp","href":"https:\/\/api.w.org\/{rel}","templated":true}]}}