{"id":115650,"date":"2024-12-07T15:21:16","date_gmt":"2024-12-07T14:21:16","guid":{"rendered":"https:\/\/secureus.se\/?post_type=product&#038;p=115650"},"modified":"2026-01-12T12:36:34","modified_gmt":"2026-01-12T11:36:34","slug":"sherpa-extension-set-10","status":"publish","type":"product","link":"https:\/\/secureus.se\/fr\/sherpa-extension-set-10\/","title":{"rendered":"ENSEMBLE D&#039;EXTENSIONS SHERPA\u00ae 10"},"content":{"rendered":"<p>Pi\u00e8ce d&#039;extension compl\u00e8te avec 10 panneaux (5 gris, 5 noirs) pour \u00e9tendre le pied de table SHERPA\u00ae. Des supports d&#039;en-t\u00eate mobiles de 58 mm sont \u00e9galement inclus dans l&#039;ensemble. Peut \u00eatre utilis\u00e9 avec les supports de table 5623, 5632 et 5519. Garantie 5 ans. Les conditions de garantie peuvent \u00eatre consult\u00e9es ici\u00a0: https:\/\/www.durable.se\/sv_SE\/service\/garanti\/garanti-foer-sherpa-vario\/<\/p>","protected":false},"excerpt":{"rendered":"<p>Module d&#039;extension pour pieds de table SHERPA\u00ae 5623, 5632 et 5519.<\/p>","protected":false},"featured_media":135646,"template":"","meta":{"_acf_changed":false},"product_brand":[],"product_cat":[4298],"product_tag":[4409],"class_list":{"0":"post-115650","1":"product","2":"type-product","3":"status-publish","4":"has-post-thumbnail","6":"product_cat-bladderstall-bord","7":"product_tag-svart-gra","8":"product_shipping_class-tunga-paket","9":"pa_brands-durable","10":"pa_farg-svart-gra","11":"tm-no-options","13":"first","14":"instock","15":"sale","16":"taxable","17":"shipping-taxable","18":"purchasable","19":"product-type-simple"},"acf":[],"_links":{"self":[{"href":"https:\/\/secureus.se\/fr\/wp-json\/wp\/v2\/product\/115650","targetHints":{"allow":["GET"]}}],"collection":[{"href":"https:\/\/secureus.se\/fr\/wp-json\/wp\/v2\/product"}],"about":[{"href":"https:\/\/secureus.se\/fr\/wp-json\/wp\/v2\/types\/product"}],"wp:featuredmedia":[{"embeddable":true,"href":"https:\/\/secureus.se\/fr\/wp-json\/wp\/v2\/media\/135646"}],"wp:attachment":[{"href":"https:\/\/secureus.se\/fr\/wp-json\/wp\/v2\/media?parent=115650"}],"wp:term":[{"taxonomy":"product_brand","embeddable":true,"href":"https:\/\/secureus.se\/fr\/wp-json\/wp\/v2\/product_brand?post=115650"},{"taxonomy":"product_cat","embeddable":true,"href":"https:\/\/secureus.se\/fr\/wp-json\/wp\/v2\/product_cat?post=115650"},{"taxonomy":"product_tag","embeddable":true,"href":"https:\/\/secureus.se\/fr\/wp-json\/wp\/v2\/product_tag?post=115650"}],"curies":[{"name":"wp","href":"https:\/\/api.w.org\/{rel}","templated":true}]}}