{"id":115659,"date":"2024-11-20T14:41:47","date_gmt":"2024-11-20T13:41:47","guid":{"rendered":"https:\/\/secureus.se\/?post_type=product&#038;p=115659"},"modified":"2026-01-12T12:56:16","modified_gmt":"2026-01-12T11:56:16","slug":"magnetram-duraframe-magnetic-security-a4-2","status":"publish","type":"product","link":"https:\/\/secureus.se\/fr\/magnetram-duraframe-magnetic-security-a4-2\/","title":{"rendered":"Cadre magn\u00e9tique DURAFRAME\u00ae MAGNETIC SECURITY A4"},"content":{"rendered":"<p>Utilisez le cadre d&#039;information adh\u00e9sif magn\u00e9tique DURAFRAME\u00ae MAGNETIC SECURITY pour afficher des informations de s\u00e9curit\u00e9 et d&#039;avertissement temporaires ou plus permanentes de mani\u00e8re professionnelle, rapide et simple. Placez la feuille de protection avec un aimant sur tout le bord du cadre sur le document et fixez-la par exemple sur des tableaux blancs, des armoires \u00e0 langer et des murs m\u00e9talliques. Clair! Manipulation propre et plus facile que par exemple le ruban adh\u00e9sif.<br \/>\nPour les documents au format A4. Peut \u00eatre utilis\u00e9 en format portrait ou paysage. Dimensions ext\u00e9rieures 236\u00d7323 mm. Les couleurs vert\/blanc signalent les plans de premiers secours et d&#039;\u00e9vacuation conform\u00e9ment \u00e0 la norme ISO 3864-4 pour les couleurs de s\u00e9curit\u00e9.<br \/>\nEmballage de 5 pi\u00e8ces.<\/p>","protected":false},"excerpt":{"rendered":"<p>Cadre magn\u00e9tique aux couleurs d&#039;avertissement pour afficher de mani\u00e8re soign\u00e9e les informations de s\u00e9curit\u00e9 importantes, les avis et les avertissements.<\/p>","protected":false},"featured_media":133410,"template":"","meta":{"_acf_changed":false},"product_brand":[],"product_cat":[4295],"product_tag":[4391],"class_list":{"0":"post-115659","1":"product","2":"type-product","3":"status-publish","4":"has-post-thumbnail","6":"product_cat-inforamar-for-metallytor","7":"product_tag-rod-vit","8":"product_shipping_class-tunga-paket","9":"pa_brands-durable","10":"pa_farg-rod-vit","11":"tm-no-options","13":"first","14":"instock","15":"sale","16":"taxable","17":"shipping-taxable","18":"purchasable","19":"product-type-simple"},"acf":[],"_links":{"self":[{"href":"https:\/\/secureus.se\/fr\/wp-json\/wp\/v2\/product\/115659","targetHints":{"allow":["GET"]}}],"collection":[{"href":"https:\/\/secureus.se\/fr\/wp-json\/wp\/v2\/product"}],"about":[{"href":"https:\/\/secureus.se\/fr\/wp-json\/wp\/v2\/types\/product"}],"wp:featuredmedia":[{"embeddable":true,"href":"https:\/\/secureus.se\/fr\/wp-json\/wp\/v2\/media\/133410"}],"wp:attachment":[{"href":"https:\/\/secureus.se\/fr\/wp-json\/wp\/v2\/media?parent=115659"}],"wp:term":[{"taxonomy":"product_brand","embeddable":true,"href":"https:\/\/secureus.se\/fr\/wp-json\/wp\/v2\/product_brand?post=115659"},{"taxonomy":"product_cat","embeddable":true,"href":"https:\/\/secureus.se\/fr\/wp-json\/wp\/v2\/product_cat?post=115659"},{"taxonomy":"product_tag","embeddable":true,"href":"https:\/\/secureus.se\/fr\/wp-json\/wp\/v2\/product_tag?post=115659"}],"curies":[{"name":"wp","href":"https:\/\/api.w.org\/{rel}","templated":true}]}}