{"id":115664,"date":"2024-11-20T14:14:58","date_gmt":"2024-11-20T13:14:58","guid":{"rendered":"https:\/\/secureus.se\/?post_type=product&#038;p=115664"},"modified":"2026-01-12T12:05:43","modified_gmt":"2026-01-12T11:05:43","slug":"plastficka-a4l-med-fastband","status":"publish","type":"product","link":"https:\/\/secureus.se\/fr\/plastficka-a4l-med-fastband\/","title":{"rendered":"Pochette plastique A4L avec sangle de fixation"},"content":{"rendered":"<p>Un \u00e9tiquetage clair et complet des armoires, des portes, des conteneurs et des parois grillag\u00e9es am\u00e9liore et rationalise le processus de travail dans les entrep\u00f4ts et les installations de production. Les pochettes en plastique en polypropyl\u00e8ne r\u00e9sistant peuvent \u00eatre lues avec un scanner. Un couvercle signifie que l&#039;inlay est prot\u00e9g\u00e9 contre la salet\u00e9 et l&#039;humidit\u00e9, m\u00eame \u00e0 l&#039;ext\u00e9rieur. Se fixe avec deux sangles en forme de fl\u00e8che qui sont enfil\u00e9es dans les trous du haut de la poche puis solidement fix\u00e9es \u00e0 la grille. Un mod\u00e8le gratuit d&#039;\u00e9tiquette est disponible sur www.duraprint.se.<br \/>\nDimensions int\u00e9rieures\u00a0: A4L (297\u00d7210 mm L x H)<br \/>\nDimensions ext\u00e9rieures\u00a0: 311\u00d7442 mm (L x H)<br \/>\nAccessoires : \u00c9tiquettes sur feuilles A4, art. N\u00b0 485602<\/p>","protected":false},"excerpt":{"rendered":"<p>Pochette en plastique avec sangle autobloquante pour accrocher sur diff\u00e9rents types de filets tels que les murs en filet et les chariots \u00e0 filet. Avec un couvercle de protection sur l&#039;ouverture.<\/p>","protected":false},"featured_media":133657,"template":"","meta":{"_acf_changed":false},"product_brand":[],"product_cat":[4306],"product_tag":[4395],"class_list":{"0":"post-115664","1":"product","2":"type-product","3":"status-publish","4":"has-post-thumbnail","6":"product_cat-markning-pallstall","7":"product_tag-gul","8":"product_shipping_class-tunga-paket","9":"pa_brands-durable","10":"pa_farg-gul","11":"tm-no-options","13":"first","14":"instock","15":"sale","16":"taxable","17":"shipping-taxable","18":"purchasable","19":"product-type-simple"},"acf":[],"_links":{"self":[{"href":"https:\/\/secureus.se\/fr\/wp-json\/wp\/v2\/product\/115664","targetHints":{"allow":["GET"]}}],"collection":[{"href":"https:\/\/secureus.se\/fr\/wp-json\/wp\/v2\/product"}],"about":[{"href":"https:\/\/secureus.se\/fr\/wp-json\/wp\/v2\/types\/product"}],"wp:featuredmedia":[{"embeddable":true,"href":"https:\/\/secureus.se\/fr\/wp-json\/wp\/v2\/media\/133657"}],"wp:attachment":[{"href":"https:\/\/secureus.se\/fr\/wp-json\/wp\/v2\/media?parent=115664"}],"wp:term":[{"taxonomy":"product_brand","embeddable":true,"href":"https:\/\/secureus.se\/fr\/wp-json\/wp\/v2\/product_brand?post=115664"},{"taxonomy":"product_cat","embeddable":true,"href":"https:\/\/secureus.se\/fr\/wp-json\/wp\/v2\/product_cat?post=115664"},{"taxonomy":"product_tag","embeddable":true,"href":"https:\/\/secureus.se\/fr\/wp-json\/wp\/v2\/product_tag?post=115664"}],"curies":[{"name":"wp","href":"https:\/\/api.w.org\/{rel}","templated":true}]}}