{"id":115676,"date":"2024-11-20T14:15:55","date_gmt":"2024-11-20T13:15:55","guid":{"rendered":"https:\/\/secureus.se\/?post_type=product&#038;p=115676"},"modified":"2026-01-12T12:05:00","modified_gmt":"2026-01-12T11:05:00","slug":"plastficka-a4s-magnetisk-2","status":"publish","type":"product","link":"https:\/\/secureus.se\/fr\/plastficka-a4s-magnetisk-2\/","title":{"rendered":"Pochette plastique A4S magn\u00e9tique"},"content":{"rendered":"<p>Un \u00e9tiquetage clair et complet des \u00e9tag\u00e8res, armoires, portes, conteneurs et autres espaces am\u00e9liore et rationalise le processus de travail dans les entrep\u00f4ts et les installations de production. Les pochettes magn\u00e9tiques en plastique en polypropyl\u00e8ne r\u00e9sistant peuvent \u00eatre lues avec un scanner et prot\u00e8gent les inserts rempla\u00e7ables de la salet\u00e9. Deux bandes magn\u00e9tiques au dos maintiennent la poche fermement en place. Un mod\u00e8le gratuit d&#039;\u00e9tiquette est disponible sur www.duraprint.se.<br \/>\nDimensions int\u00e9rieures\u00a0: A4S (210\u00d7297 mm L x H)<br \/>\nDimensions ext\u00e9rieures : 233\u00d7313 mm (L x H)<br \/>\nAccessoires : \u00c9tiquettes sur feuilles A4, art. N\u00b0 485602<\/p>","protected":false},"excerpt":{"rendered":"<p>Pochette en plastique avec deux bandes magn\u00e9tiques au dos. \u00c0 utiliser sur des surfaces m\u00e9talliques telles que des \u00e9tag\u00e8res de rangement, des murs m\u00e9talliques et des conteneurs m\u00e9talliques.<\/p>","protected":false},"featured_media":133647,"template":"","meta":{"_acf_changed":false},"product_brand":[],"product_cat":[4306],"product_tag":[4395],"class_list":{"0":"post-115676","1":"product","2":"type-product","3":"status-publish","4":"has-post-thumbnail","6":"product_cat-markning-pallstall","7":"product_tag-gul","8":"product_shipping_class-tunga-paket","9":"pa_brands-durable","10":"pa_farg-gul","11":"tm-no-options","13":"first","14":"instock","15":"sale","16":"taxable","17":"shipping-taxable","18":"purchasable","19":"product-type-simple"},"acf":[],"_links":{"self":[{"href":"https:\/\/secureus.se\/fr\/wp-json\/wp\/v2\/product\/115676","targetHints":{"allow":["GET"]}}],"collection":[{"href":"https:\/\/secureus.se\/fr\/wp-json\/wp\/v2\/product"}],"about":[{"href":"https:\/\/secureus.se\/fr\/wp-json\/wp\/v2\/types\/product"}],"wp:featuredmedia":[{"embeddable":true,"href":"https:\/\/secureus.se\/fr\/wp-json\/wp\/v2\/media\/133647"}],"wp:attachment":[{"href":"https:\/\/secureus.se\/fr\/wp-json\/wp\/v2\/media?parent=115676"}],"wp:term":[{"taxonomy":"product_brand","embeddable":true,"href":"https:\/\/secureus.se\/fr\/wp-json\/wp\/v2\/product_brand?post=115676"},{"taxonomy":"product_cat","embeddable":true,"href":"https:\/\/secureus.se\/fr\/wp-json\/wp\/v2\/product_cat?post=115676"},{"taxonomy":"product_tag","embeddable":true,"href":"https:\/\/secureus.se\/fr\/wp-json\/wp\/v2\/product_tag?post=115676"}],"curies":[{"name":"wp","href":"https:\/\/api.w.org\/{rel}","templated":true}]}}