{"id":115679,"date":"2024-11-05T17:26:41","date_gmt":"2024-11-05T16:26:41","guid":{"rendered":"https:\/\/secureus.se\/?post_type=product&#038;p=115679"},"modified":"2026-01-12T12:34:29","modified_gmt":"2026-01-12T11:34:29","slug":"sherpa-panel-a4-4","status":"publish","type":"product","link":"https:\/\/secureus.se\/fr\/sherpa-panel-a4-4\/","title":{"rendered":"PANNEAU SHERPA\u00ae A4"},"content":{"rendered":"<p>Pochettes antireflet et num\u00e9risables avec cadre color\u00e9 pour documents au format A4 tels que listes de prix, notes, etc. qui sont prot\u00e9g\u00e9s dans la pochette. \u00c0 utiliser dans les syst\u00e8mes de vue d&#039;ensemble avec pointes int\u00e9gr\u00e9es dans le support. Ouverture en haut pour changer de documents. Fabriqu\u00e9 en plastique polypropyl\u00e8ne. SHERPA\u00ae PANEL est le cadre inclus dans les ensembles complets des s\u00e9ries SHERPA\u00b0 et VARIO\u00b0 de DURABLE. L&#039;achat minimum est un pack de 5 panneaux (noir, rouge, jaune, vert et bleu). Garantie 5 ans. Les conditions de garantie peuvent \u00eatre consult\u00e9es ici\u00a0: https:\/\/www.durable.se\/sv_SE\/service\/garanti\/garanti-foer-sherpa-vario\/<br \/>\nAccessoires : Support de collecteur num\u00e9ro d&#039;article 560919 aller 560319<\/p>","protected":false},"excerpt":{"rendered":"<p>Pochette en plastique avec cadre color\u00e9. Convient aux tables et aux supports muraux dont les pointes sont int\u00e9gr\u00e9es au support.<\/p>","protected":false},"featured_media":135711,"template":"","meta":{"_acf_changed":false},"product_brand":[],"product_cat":[4301],"product_tag":[4393],"class_list":{"0":"post-115679","1":"product","2":"type-product","3":"status-publish","4":"has-post-thumbnail","6":"product_cat-tillbehor-till-bladderpanelsystem","7":"product_tag-gra","8":"product_shipping_class-tunga-paket","9":"pa_brands-durable","10":"pa_farg-gra","11":"tm-no-options","13":"first","14":"instock","15":"sale","16":"taxable","17":"shipping-taxable","18":"purchasable","19":"product-type-simple"},"acf":[],"_links":{"self":[{"href":"https:\/\/secureus.se\/fr\/wp-json\/wp\/v2\/product\/115679","targetHints":{"allow":["GET"]}}],"collection":[{"href":"https:\/\/secureus.se\/fr\/wp-json\/wp\/v2\/product"}],"about":[{"href":"https:\/\/secureus.se\/fr\/wp-json\/wp\/v2\/types\/product"}],"wp:featuredmedia":[{"embeddable":true,"href":"https:\/\/secureus.se\/fr\/wp-json\/wp\/v2\/media\/135711"}],"wp:attachment":[{"href":"https:\/\/secureus.se\/fr\/wp-json\/wp\/v2\/media?parent=115679"}],"wp:term":[{"taxonomy":"product_brand","embeddable":true,"href":"https:\/\/secureus.se\/fr\/wp-json\/wp\/v2\/product_brand?post=115679"},{"taxonomy":"product_cat","embeddable":true,"href":"https:\/\/secureus.se\/fr\/wp-json\/wp\/v2\/product_cat?post=115679"},{"taxonomy":"product_tag","embeddable":true,"href":"https:\/\/secureus.se\/fr\/wp-json\/wp\/v2\/product_tag?post=115679"}],"curies":[{"name":"wp","href":"https:\/\/api.w.org\/{rel}","templated":true}]}}