{"id":115683,"date":"2024-11-20T13:58:05","date_gmt":"2024-11-20T12:58:05","guid":{"rendered":"https:\/\/secureus.se\/?post_type=product&#038;p=115683"},"modified":"2026-01-12T12:29:05","modified_gmt":"2026-01-12T11:29:05","slug":"inforam-sjalvhaftande-duraframe-note-a4","status":"publish","type":"product","link":"https:\/\/secureus.se\/fr\/inforam-sjalvhaftande-duraframe-note-a4\/","title":{"rendered":"Infoframe autocollant DURAFRAME\u00ae NOTE A4"},"content":{"rendered":"<p>Utilisez le cadre d&#039;information autocollant DURAFRAME\u00ae NOTE pour, par exemple, les listes de contr\u00f4le, les programmes de nettoyage, les listes d&#039;enregistrement ou les contr\u00f4les d&#039;entretien pour lesquels des notes doivent \u00eatre prises directement sur papier. Manipulation simple et rapide : Retirez le papier de protection - collez le Duraframe - soulevez la fa\u00e7ade gr\u00e2ce \u00e0 la fermeture magn\u00e9tique - ins\u00e9rez jusqu&#039;\u00e0 5 feuilles A4 80 gr - rabattez la fa\u00e7ade - c&#039;est pr\u00eat ! Facile \u00e0 installer \u2013 sans outils ni autres accessoires \u2013 sur des surfaces fermes et lisses. Manipulation propre et plus facile que, par exemple, du ruban adh\u00e9sif, des agrafes ou des agrafes. L&#039;insert reste bien en place gr\u00e2ce aux aimants sur les 3 c\u00f4t\u00e9s ouvrables. Porte-stylo d&#039;un c\u00f4t\u00e9. Le cadre est identique \u00e0 l&#039;avant et \u00e0 l&#039;arri\u00e8re et s&#039;il est plac\u00e9 sur du verre, les informations peuvent \u00eatre lues des deux c\u00f4t\u00e9s. Le cadre peut \u00eatre retir\u00e9 des vitres. Les surfaces peintes, enduites ou stratifi\u00e9es peuvent \u00eatre endommag\u00e9es si le cadre est retir\u00e9. Pour les documents au format A4.<br \/>\nEmballage avec 1 pc.<\/p>","protected":false},"excerpt":{"rendered":"<p>Cadre d&#039;informations autocollant et facile \u00e0 utiliser pour prendre des notes directement sur papier. Devant avec fermeture magn\u00e9tique pour un \u00e9change facile des inserts. <\/p>","protected":false},"featured_media":135012,"template":"","meta":{"_acf_changed":false},"product_brand":[],"product_cat":[4296],"product_tag":[4381],"class_list":{"0":"post-115683","1":"product","2":"type-product","3":"status-publish","4":"has-post-thumbnail","6":"product_cat-inforamar-for-slata-ytor","7":"product_tag-svart","8":"product_shipping_class-tunga-paket","9":"pa_brands-durable","10":"pa_farg-svart","11":"tm-no-options","13":"first","14":"instock","15":"sale","16":"taxable","17":"shipping-taxable","18":"purchasable","19":"product-type-simple"},"acf":[],"_links":{"self":[{"href":"https:\/\/secureus.se\/fr\/wp-json\/wp\/v2\/product\/115683","targetHints":{"allow":["GET"]}}],"collection":[{"href":"https:\/\/secureus.se\/fr\/wp-json\/wp\/v2\/product"}],"about":[{"href":"https:\/\/secureus.se\/fr\/wp-json\/wp\/v2\/types\/product"}],"wp:featuredmedia":[{"embeddable":true,"href":"https:\/\/secureus.se\/fr\/wp-json\/wp\/v2\/media\/135012"}],"wp:attachment":[{"href":"https:\/\/secureus.se\/fr\/wp-json\/wp\/v2\/media?parent=115683"}],"wp:term":[{"taxonomy":"product_brand","embeddable":true,"href":"https:\/\/secureus.se\/fr\/wp-json\/wp\/v2\/product_brand?post=115683"},{"taxonomy":"product_cat","embeddable":true,"href":"https:\/\/secureus.se\/fr\/wp-json\/wp\/v2\/product_cat?post=115683"},{"taxonomy":"product_tag","embeddable":true,"href":"https:\/\/secureus.se\/fr\/wp-json\/wp\/v2\/product_tag?post=115683"}],"curies":[{"name":"wp","href":"https:\/\/api.w.org\/{rel}","templated":true}]}}