{"id":115685,"date":"2024-11-20T14:15:57","date_gmt":"2024-11-20T13:15:57","guid":{"rendered":"https:\/\/secureus.se\/?post_type=product&#038;p=115685"},"modified":"2026-01-12T12:05:46","modified_gmt":"2026-01-12T11:05:46","slug":"plastficka-a4s-med-tradbygel","status":"publish","type":"product","link":"https:\/\/secureus.se\/fr\/plastficka-a4s-med-tradbygel\/","title":{"rendered":"Pochette plastique A4S avec clip m\u00e9tallique"},"content":{"rendered":"<p>Un \u00e9tiquetage clair et complet des conteneurs, rehausses de palettes, caisses-palettes et parois grillag\u00e9es am\u00e9liore et rationalise le processus de travail dans les entrep\u00f4ts et les installations de production. Les pochettes en plastique en polypropyl\u00e8ne r\u00e9sistant peuvent \u00eatre lues avec un scanner. Un couvercle signifie que l&#039;inlay est prot\u00e9g\u00e9 contre la salet\u00e9 et l&#039;humidit\u00e9, m\u00eame \u00e0 l&#039;ext\u00e9rieur. Se fixe avec un clip m\u00e9tallique flexible et galvanis\u00e9. Un mod\u00e8le gratuit d&#039;\u00e9tiquette est disponible sur www.duraprint.se.<br \/>\nDimensions int\u00e9rieures\u00a0: A4S (210\u00d7297 mm L x H)<br \/>\nDimensions ext\u00e9rieures\u00a0: 223x368 mm (L x H)<br \/>\nDimensions ext\u00e9rieures avec le fil d&#039;acier : 329\u00d7376 mm (L x H)<br \/>\nAccessoires : \u00c9tiquettes sur feuilles A4, art. N\u00b0 485652<\/p>","protected":false},"excerpt":{"rendered":"<p>Pochette en plastique avec cintre m\u00e9tallique \u00e0 utiliser par exemple sur les filets, les rehausses de palettes, les caisses-palettes. Avec un couvercle de protection sur l&#039;ouverture.<\/p>","protected":false},"featured_media":133728,"template":"","meta":{"_acf_changed":false},"product_brand":[],"product_cat":[4306],"product_tag":[4395],"class_list":{"0":"post-115685","1":"product","2":"type-product","3":"status-publish","4":"has-post-thumbnail","6":"product_cat-markning-pallstall","7":"product_tag-gul","8":"product_shipping_class-tunga-paket","9":"pa_brands-durable","10":"pa_farg-gul","11":"tm-no-options","13":"first","14":"instock","15":"sale","16":"taxable","17":"shipping-taxable","18":"purchasable","19":"product-type-simple"},"acf":[],"_links":{"self":[{"href":"https:\/\/secureus.se\/fr\/wp-json\/wp\/v2\/product\/115685","targetHints":{"allow":["GET"]}}],"collection":[{"href":"https:\/\/secureus.se\/fr\/wp-json\/wp\/v2\/product"}],"about":[{"href":"https:\/\/secureus.se\/fr\/wp-json\/wp\/v2\/types\/product"}],"wp:featuredmedia":[{"embeddable":true,"href":"https:\/\/secureus.se\/fr\/wp-json\/wp\/v2\/media\/133728"}],"wp:attachment":[{"href":"https:\/\/secureus.se\/fr\/wp-json\/wp\/v2\/media?parent=115685"}],"wp:term":[{"taxonomy":"product_brand","embeddable":true,"href":"https:\/\/secureus.se\/fr\/wp-json\/wp\/v2\/product_brand?post=115685"},{"taxonomy":"product_cat","embeddable":true,"href":"https:\/\/secureus.se\/fr\/wp-json\/wp\/v2\/product_cat?post=115685"},{"taxonomy":"product_tag","embeddable":true,"href":"https:\/\/secureus.se\/fr\/wp-json\/wp\/v2\/product_tag?post=115685"}],"curies":[{"name":"wp","href":"https:\/\/api.w.org\/{rel}","templated":true}]}}