{"id":115709,"date":"2024-11-20T14:11:38","date_gmt":"2024-11-20T13:11:38","guid":{"rendered":"https:\/\/secureus.se\/?post_type=product&#038;p=115709"},"modified":"2026-01-12T12:03:19","modified_gmt":"2026-01-12T11:03:19","slug":"magnetband-20-mm","status":"publish","type":"product","link":"https:\/\/secureus.se\/fr\/magnetband-20-mm\/","title":{"rendered":"Bande magn\u00e9tique 20 mm"},"content":{"rendered":"<p>Cr\u00e9ez vos propres \u00e9tiquettes magn\u00e9tiques dans la taille n\u00e9cessaire pour marquer les bords magn\u00e9tiques des \u00e9tag\u00e8res, des portes et des armoires. Facile \u00e0 d\u00e9placer lorsque les marchandises changent d&#039;emplacement d&#039;entrep\u00f4t pour avoir toujours un \u00e9tiquetage \u00e0 jour. Rouleau de ruban de marquage magn\u00e9tique de 5 m pouvant \u00eatre coup\u00e9 \u00e0 la longueur souhait\u00e9e avec de gros ciseaux. Utilisez un marqueur permanent pour \u00e9crire sur la bande magn\u00e9tique.<br \/>\nDimensions : 20 mm x 5 m (H x L)<\/p>","protected":false},"excerpt":{"rendered":"<p>Bande magn\u00e9tique en rouleau. Peut \u00eatre coup\u00e9 \u00e0 la longueur souhait\u00e9e et \u00e9crit avec un marqueur permanent. Hauteur d&#039;\u00e9criture 2 cm, longueur 5 m<\/p>","protected":false},"featured_media":134654,"template":"","meta":{"_acf_changed":false},"product_brand":[],"product_cat":[4269],"product_tag":[4396],"class_list":{"0":"post-115709","1":"product","2":"type-product","3":"status-publish","4":"has-post-thumbnail","6":"product_cat-magnetisk-fastsattning","7":"product_tag-vit","8":"product_shipping_class-tunga-paket","9":"pa_brands-durable","10":"pa_farg-vit","11":"tm-no-options","13":"first","14":"instock","15":"sale","16":"taxable","17":"shipping-taxable","18":"purchasable","19":"product-type-simple"},"acf":[],"_links":{"self":[{"href":"https:\/\/secureus.se\/fr\/wp-json\/wp\/v2\/product\/115709","targetHints":{"allow":["GET"]}}],"collection":[{"href":"https:\/\/secureus.se\/fr\/wp-json\/wp\/v2\/product"}],"about":[{"href":"https:\/\/secureus.se\/fr\/wp-json\/wp\/v2\/types\/product"}],"wp:featuredmedia":[{"embeddable":true,"href":"https:\/\/secureus.se\/fr\/wp-json\/wp\/v2\/media\/134654"}],"wp:attachment":[{"href":"https:\/\/secureus.se\/fr\/wp-json\/wp\/v2\/media?parent=115709"}],"wp:term":[{"taxonomy":"product_brand","embeddable":true,"href":"https:\/\/secureus.se\/fr\/wp-json\/wp\/v2\/product_brand?post=115709"},{"taxonomy":"product_cat","embeddable":true,"href":"https:\/\/secureus.se\/fr\/wp-json\/wp\/v2\/product_cat?post=115709"},{"taxonomy":"product_tag","embeddable":true,"href":"https:\/\/secureus.se\/fr\/wp-json\/wp\/v2\/product_tag?post=115709"}],"curies":[{"name":"wp","href":"https:\/\/api.w.org\/{rel}","templated":true}]}}