{"id":115727,"date":"2024-12-07T15:21:15","date_gmt":"2024-12-07T14:21:15","guid":{"rendered":"https:\/\/secureus.se\/?post_type=product&#038;p=115727"},"modified":"2026-01-12T12:36:53","modified_gmt":"2026-01-12T11:36:53","slug":"rubrikhallare-23mm-sherpa-panel","status":"publish","type":"product","link":"https:\/\/secureus.se\/fr\/rubrikhallare-23mm-sherpa-panel\/","title":{"rendered":"Support de linteau 23mm SHERPA\u00ae PANEL"},"content":{"rendered":"<p>Support en-t\u00eate de 23 mm avec \u00e9tiquettes blanches pour retrouver rapidement les informations que vous recherchez. Ces petits supports sont parfaits pour les chiffres. Se clipse sur le dessus ou sur le c\u00f4t\u00e9 des cadres color\u00e9s des pochettes plastiques SHERPA\u00ae PANEL. Peut \u00eatre d\u00e9plac\u00e9 par \u00e9tapes fixes ou compl\u00e8tement retir\u00e9. 12 pi\u00e8ces sur un c\u00f4t\u00e9 long signifie que toute la languette de l&#039;\u00e9tiquette est visible. Sachet de 10 pi\u00e8ces.<\/p>","protected":false},"excerpt":{"rendered":"<p>Support de linteau 23 mm adapt\u00e9 aux pochettes plastiques SHERPA\u00ae PANEL.<\/p>","protected":false},"featured_media":135570,"template":"","meta":{"_acf_changed":false},"product_brand":[],"product_cat":[4301],"product_tag":[4376],"class_list":{"0":"post-115727","1":"product","2":"type-product","3":"status-publish","4":"has-post-thumbnail","6":"product_cat-tillbehor-till-bladderpanelsystem","7":"product_tag-transparent","8":"product_shipping_class-tunga-paket","9":"pa_brands-durable","10":"pa_farg-transparent","11":"tm-no-options","13":"first","14":"instock","15":"sale","16":"taxable","17":"shipping-taxable","18":"purchasable","19":"product-type-simple"},"acf":[],"_links":{"self":[{"href":"https:\/\/secureus.se\/fr\/wp-json\/wp\/v2\/product\/115727","targetHints":{"allow":["GET"]}}],"collection":[{"href":"https:\/\/secureus.se\/fr\/wp-json\/wp\/v2\/product"}],"about":[{"href":"https:\/\/secureus.se\/fr\/wp-json\/wp\/v2\/types\/product"}],"wp:featuredmedia":[{"embeddable":true,"href":"https:\/\/secureus.se\/fr\/wp-json\/wp\/v2\/media\/135570"}],"wp:attachment":[{"href":"https:\/\/secureus.se\/fr\/wp-json\/wp\/v2\/media?parent=115727"}],"wp:term":[{"taxonomy":"product_brand","embeddable":true,"href":"https:\/\/secureus.se\/fr\/wp-json\/wp\/v2\/product_brand?post=115727"},{"taxonomy":"product_cat","embeddable":true,"href":"https:\/\/secureus.se\/fr\/wp-json\/wp\/v2\/product_cat?post=115727"},{"taxonomy":"product_tag","embeddable":true,"href":"https:\/\/secureus.se\/fr\/wp-json\/wp\/v2\/product_tag?post=115727"}],"curies":[{"name":"wp","href":"https:\/\/api.w.org\/{rel}","templated":true}]}}