{"id":115732,"date":"2024-11-05T17:26:07","date_gmt":"2024-11-05T16:26:07","guid":{"rendered":"https:\/\/secureus.se\/?post_type=product&#038;p=115732"},"modified":"2026-01-12T12:36:37","modified_gmt":"2026-01-12T11:36:37","slug":"sherpa-panel-a5","status":"publish","type":"product","link":"https:\/\/secureus.se\/fr\/sherpa-panel-a5\/","title":{"rendered":"PANNEAU SHERPA\u00ae A5"},"content":{"rendered":"<p>Pochettes antireflet et num\u00e9risables avec un cadre color\u00e9 pour les documents au format A5 tels que les listes de prix, les notes, etc. qui sont prot\u00e9g\u00e9s dans la pochette. \u00c0 utiliser dans les syst\u00e8mes de vue d&#039;ensemble avec pointes int\u00e9gr\u00e9es dans le support. Ouverture en haut pour changer de documents. Fabriqu\u00e9 en plastique polypropyl\u00e8ne. SHERPA\u00ae PANEL est le cadre inclus dans les ensembles complets des s\u00e9ries SHERPA\u00b0 et VARIO\u00b0 de DURABLE. L&#039;achat minimum est un pack de 5 panneaux. Garantie 5 ans. Les conditions de garantie peuvent \u00eatre consult\u00e9es ici\u00a0: https:\/\/www.durable.se\/sv_SE\/service\/garanti\/garanti-foer-sherpa-vario\/<br \/>\nAccessoires : Support de collecteur num\u00e9ro d&#039;article 560919 aller 560319<\/p>","protected":false},"excerpt":{"rendered":"<p>Pochette plastique au format A5 avec cadre color\u00e9. Convient aux tables et aux supports muraux dont les pointes sont int\u00e9gr\u00e9es au support.<\/p>","protected":false},"featured_media":135753,"template":"","meta":{"_acf_changed":false},"product_brand":[],"product_cat":[4301],"product_tag":[4381],"class_list":{"0":"post-115732","1":"product","2":"type-product","3":"status-publish","4":"has-post-thumbnail","6":"product_cat-tillbehor-till-bladderpanelsystem","7":"product_tag-svart","8":"product_shipping_class-tunga-paket","9":"pa_brands-durable","10":"pa_farg-svart","11":"tm-no-options","13":"first","14":"instock","15":"sale","16":"taxable","17":"shipping-taxable","18":"purchasable","19":"product-type-simple"},"acf":[],"_links":{"self":[{"href":"https:\/\/secureus.se\/fr\/wp-json\/wp\/v2\/product\/115732","targetHints":{"allow":["GET"]}}],"collection":[{"href":"https:\/\/secureus.se\/fr\/wp-json\/wp\/v2\/product"}],"about":[{"href":"https:\/\/secureus.se\/fr\/wp-json\/wp\/v2\/types\/product"}],"wp:featuredmedia":[{"embeddable":true,"href":"https:\/\/secureus.se\/fr\/wp-json\/wp\/v2\/media\/135753"}],"wp:attachment":[{"href":"https:\/\/secureus.se\/fr\/wp-json\/wp\/v2\/media?parent=115732"}],"wp:term":[{"taxonomy":"product_brand","embeddable":true,"href":"https:\/\/secureus.se\/fr\/wp-json\/wp\/v2\/product_brand?post=115732"},{"taxonomy":"product_cat","embeddable":true,"href":"https:\/\/secureus.se\/fr\/wp-json\/wp\/v2\/product_cat?post=115732"},{"taxonomy":"product_tag","embeddable":true,"href":"https:\/\/secureus.se\/fr\/wp-json\/wp\/v2\/product_tag?post=115732"}],"curies":[{"name":"wp","href":"https:\/\/api.w.org\/{rel}","templated":true}]}}