{"id":115810,"date":"2024-11-20T14:16:43","date_gmt":"2024-11-20T13:16:43","guid":{"rendered":"https:\/\/secureus.se\/?post_type=product&#038;p=115810"},"modified":"2026-01-12T12:00:34","modified_gmt":"2026-01-12T11:00:34","slug":"pabudsdekal-desinficera-handerna-borttagbar","status":"publish","type":"product","link":"https:\/\/secureus.se\/fr\/pabudsdekal-desinficera-handerna-borttagbar\/","title":{"rendered":"Autocollant obligatoire &quot;D\u00e9sinfectez vos mains&quot; amovible"},"content":{"rendered":"<p>Pour plus de s\u00e9curit\u00e9 dans les lieux publics : des autocollants de marquage au sol avec des symboles obligatoires ou interdits permettant de communiquer les r\u00e8gles d&#039;hygi\u00e8ne et de distance. Un grand autocollant de sol autocollant et amovible \u00ab\u00a0D\u00e9sinfectez vos mains\u00a0\u00bb rappelle et informe clairement que vous devez utiliser du d\u00e9sinfectant pour les mains. Se fixe sur des sols en b\u00e9ton propres et secs. Indice antid\u00e9rapant R9 selon DIN 51130. Les panneaux r\u00e9pondent aux exigences de la norme ISO 7010.<br \/>\nDimensions : \u00d8 430 mm, \u00e9paisseur 0,2 mm<\/p>","protected":false},"excerpt":{"rendered":"<p>Panneau obligatoire autocollant et amovible pour application au sol. Vous informe et vous rappelle clairement d&#039;utiliser un d\u00e9sinfectant pour les mains et contribue \u00e0 accro\u00eetre la s\u00e9curit\u00e9 et la sensibilisation aux risques.<\/p>","protected":false},"featured_media":133707,"template":"","meta":{"_acf_changed":false},"product_brand":[],"product_cat":[4307],"product_tag":[4387],"class_list":{"0":"post-115810","1":"product","2":"type-product","3":"status-publish","4":"has-post-thumbnail","6":"product_cat-sakerhetsmarkning","7":"product_tag-bla","8":"product_shipping_class-tunga-paket","9":"pa_brands-durable","10":"pa_farg-bla","11":"tm-no-options","13":"first","14":"instock","15":"sale","16":"taxable","17":"shipping-taxable","18":"purchasable","19":"product-type-simple"},"acf":[],"_links":{"self":[{"href":"https:\/\/secureus.se\/fr\/wp-json\/wp\/v2\/product\/115810","targetHints":{"allow":["GET"]}}],"collection":[{"href":"https:\/\/secureus.se\/fr\/wp-json\/wp\/v2\/product"}],"about":[{"href":"https:\/\/secureus.se\/fr\/wp-json\/wp\/v2\/types\/product"}],"wp:featuredmedia":[{"embeddable":true,"href":"https:\/\/secureus.se\/fr\/wp-json\/wp\/v2\/media\/133707"}],"wp:attachment":[{"href":"https:\/\/secureus.se\/fr\/wp-json\/wp\/v2\/media?parent=115810"}],"wp:term":[{"taxonomy":"product_brand","embeddable":true,"href":"https:\/\/secureus.se\/fr\/wp-json\/wp\/v2\/product_brand?post=115810"},{"taxonomy":"product_cat","embeddable":true,"href":"https:\/\/secureus.se\/fr\/wp-json\/wp\/v2\/product_cat?post=115810"},{"taxonomy":"product_tag","embeddable":true,"href":"https:\/\/secureus.se\/fr\/wp-json\/wp\/v2\/product_tag?post=115810"}],"curies":[{"name":"wp","href":"https:\/\/api.w.org\/{rel}","templated":true}]}}