{"id":115835,"date":"2024-11-20T14:04:21","date_gmt":"2024-11-20T13:04:21","guid":{"rendered":"https:\/\/secureus.se\/?post_type=product&#038;p=115835"},"modified":"2026-04-09T10:31:30","modified_gmt":"2026-04-09T08:31:30","slug":"forsta-hjalpen-skap-first-aid-box-l-med-innehall-enl-din-131572021","status":"publish","type":"product","link":"https:\/\/secureus.se\/fr\/forsta-hjalpen-skap-first-aid-box-l-med-innehall-enl-din-131572021\/","title":{"rendered":"Armoire de premiers secours FIRST AID BOX L avec contenu selon. DIN 13157:2021"},"content":{"rendered":"<p>Rangez votre mat\u00e9riel de premiers secours, vos comprim\u00e9s contre les maux de t\u00eate et autres produits similaires dans un seul et m\u00eame endroit, pour un acc\u00e8s facile en cas de besoin. Cette armoire \u00e0 pharmacie en aluminium est dot\u00e9e de 3 compartiments pivotants, modulables selon vos besoins. Vis et chevilles pour la fixation murale et une \u00e9tiquette autocollante \u00ab\u00a0Premiers secours\u00a0\u00bb sont incluses. Une serrure \u00e0 cylindre avec 2 cl\u00e9s permet de verrouiller l&#039;armoire. Fournie avec la trousse de premiers secours L, comprenant un assortiment complet de produits (pansements, compresses, bandages, sparadrap, gants en plastique, couverture de survie contre l&#039;hypothermie) conforme \u00e0 la norme DIN 13157 (adapt\u00e9e aux entreprises administratives et commerciales jusqu&#039;\u00e0 50 employ\u00e9s, aux entreprises de production jusqu&#039;\u00e0 20 employ\u00e9s et aux chantiers de construction jusqu&#039;\u00e0 10 employ\u00e9s). Dimensions\u00a0: 40 x 30 x 12\u00a0cm (H x L x P).<\/p>","protected":false},"excerpt":{"rendered":"<p>Armoire de premiers secours en aluminium \u00e0 trois compartiments comprenant un set de 65 trousses de premiers secours.<\/p>","protected":false},"featured_media":133906,"template":"","meta":{"_acf_changed":false},"product_brand":[],"product_cat":[1573],"product_tag":[4382],"class_list":{"0":"post-115835","1":"product","2":"type-product","3":"status-publish","4":"has-post-thumbnail","6":"product_cat-forsta-hjalpen","7":"product_tag-silver","8":"product_shipping_class-tunga-paket","9":"pa_brands-durable","10":"pa_farg-silver","11":"tm-no-options","13":"first","14":"instock","15":"sale","16":"taxable","17":"shipping-taxable","18":"purchasable","19":"product-type-simple"},"acf":[],"_links":{"self":[{"href":"https:\/\/secureus.se\/fr\/wp-json\/wp\/v2\/product\/115835","targetHints":{"allow":["GET"]}}],"collection":[{"href":"https:\/\/secureus.se\/fr\/wp-json\/wp\/v2\/product"}],"about":[{"href":"https:\/\/secureus.se\/fr\/wp-json\/wp\/v2\/types\/product"}],"wp:featuredmedia":[{"embeddable":true,"href":"https:\/\/secureus.se\/fr\/wp-json\/wp\/v2\/media\/133906"}],"wp:attachment":[{"href":"https:\/\/secureus.se\/fr\/wp-json\/wp\/v2\/media?parent=115835"}],"wp:term":[{"taxonomy":"product_brand","embeddable":true,"href":"https:\/\/secureus.se\/fr\/wp-json\/wp\/v2\/product_brand?post=115835"},{"taxonomy":"product_cat","embeddable":true,"href":"https:\/\/secureus.se\/fr\/wp-json\/wp\/v2\/product_cat?post=115835"},{"taxonomy":"product_tag","embeddable":true,"href":"https:\/\/secureus.se\/fr\/wp-json\/wp\/v2\/product_tag?post=115835"}],"curies":[{"name":"wp","href":"https:\/\/api.w.org\/{rel}","templated":true}]}}