{"id":115851,"date":"2024-11-05T17:18:16","date_gmt":"2024-11-05T16:18:16","guid":{"rendered":"https:\/\/secureus.se\/?post_type=product&#038;p=115851"},"modified":"2026-01-12T12:20:46","modified_gmt":"2026-01-12T11:20:46","slug":"skrivplatta-aluminium-med-omslag-a4","status":"publish","type":"product","link":"https:\/\/secureus.se\/fr\/skrivplatta-aluminium-med-omslag-a4\/","title":{"rendered":"Bloc-notes en aluminium avec couverture A4"},"content":{"rendered":"<p>Bloc-notes\/\u00e9tui\/support pour bloc-notes\/couvercle de bloc-notes en aluminium recycl\u00e9. Clip robuste en haut qui maintient vos documents en place. Avec surface laqu\u00e9e et propice \u00e0 l&#039;\u00e9criture. Dimensions : 325x230x9 mm (HxLxP)<\/p>","protected":false},"excerpt":{"rendered":"<p>Support bloc en aluminium pour format A4.<\/p>","protected":false},"featured_media":136385,"template":"","meta":{"_acf_changed":false},"product_brand":[],"product_cat":[4313],"product_tag":[4382],"class_list":{"0":"post-115851","1":"product","2":"type-product","3":"status-publish","4":"has-post-thumbnail","6":"product_cat-skrivplattor","7":"product_tag-silver","8":"product_shipping_class-tunga-paket","9":"pa_brands-durable","10":"pa_farg-silver","11":"tm-no-options","13":"first","14":"instock","15":"sale","16":"taxable","17":"shipping-taxable","18":"purchasable","19":"product-type-simple"},"acf":[],"_links":{"self":[{"href":"https:\/\/secureus.se\/fr\/wp-json\/wp\/v2\/product\/115851","targetHints":{"allow":["GET"]}}],"collection":[{"href":"https:\/\/secureus.se\/fr\/wp-json\/wp\/v2\/product"}],"about":[{"href":"https:\/\/secureus.se\/fr\/wp-json\/wp\/v2\/types\/product"}],"wp:featuredmedia":[{"embeddable":true,"href":"https:\/\/secureus.se\/fr\/wp-json\/wp\/v2\/media\/136385"}],"wp:attachment":[{"href":"https:\/\/secureus.se\/fr\/wp-json\/wp\/v2\/media?parent=115851"}],"wp:term":[{"taxonomy":"product_brand","embeddable":true,"href":"https:\/\/secureus.se\/fr\/wp-json\/wp\/v2\/product_brand?post=115851"},{"taxonomy":"product_cat","embeddable":true,"href":"https:\/\/secureus.se\/fr\/wp-json\/wp\/v2\/product_cat?post=115851"},{"taxonomy":"product_tag","embeddable":true,"href":"https:\/\/secureus.se\/fr\/wp-json\/wp\/v2\/product_tag?post=115851"}],"curies":[{"name":"wp","href":"https:\/\/api.w.org\/{rel}","templated":true}]}}