{"id":115879,"date":"2025-01-07T11:02:22","date_gmt":"2025-01-07T10:02:22","guid":{"rendered":"https:\/\/secureus.se\/?post_type=product&#038;p=115879"},"modified":"2026-01-12T12:38:25","modified_gmt":"2026-01-12T11:38:25","slug":"bladderstall-function-table-20","status":"publish","type":"product","link":"https:\/\/secureus.se\/fr\/bladderstall-function-table-20\/","title":{"rendered":"Tableau de conf\u00e9rence TABLEAU DE FONCTION 20"},"content":{"rendered":"<p>Informations och presentationsst\u00e4ll som har m\u00e5nga olika namn; panel-, display-, \u00f6versikts-system, vingregister, PLU-h\u00e5llare, dokumenth\u00e5llare, lathund&#8230;. Oavsett namn s\u00e5 har det m\u00e5nga anv\u00e4ndningsomr\u00e5den p\u00e5 lager, i produktionsanl\u00e4ggningar, kassadiskar mm. Information som anv\u00e4nds ofta f\u00f6rvaras, \u00e4r snabbt funnen och l\u00e4tt att se i \u00f6versiktssystemet. FUNCTION TABLE 20 \u00e4r ett komplett bordst\u00e4ll av metall med 10 st skanningsbara plastfickor med r\u00f6da,gula,gr\u00f6na och bl\u00e5 kanter och fasta rubrikh\u00e5llare. F\u00f6r dokument i A4-format. Vid ins\u00e4ttning och borttagning av fickorna \u00e4r det bra att b\u00f6ja fickan lite f\u00f6rsiktigt i mitten l\u00e4ngs med inre l\u00e5ngsidan s\u00e5 g\u00e5r det l\u00e4tt att s\u00e4tta dit och ta bort fickan utan att piggarna i h\u00e5llaren skadas. Gummitassar g\u00f6r att den st\u00e5r stadigt.<\/p>","protected":false},"excerpt":{"rendered":"<p>Support de table complet en m\u00e9tal avec 20 panneaux A4 rabattables pour avoir rapidement et clairement \u00e0 port\u00e9e de main les informations fr\u00e9quemment utilis\u00e9es.<\/p>","protected":false},"featured_media":135142,"template":"","meta":{"_acf_changed":false},"product_brand":[],"product_cat":[4301],"product_tag":[4397],"class_list":{"0":"post-115879","1":"product","2":"type-product","3":"status-publish","4":"has-post-thumbnail","6":"product_cat-tillbehor-till-bladderpanelsystem","7":"product_tag-mix","8":"product_shipping_class-tunga-paket","9":"pa_brands-durable","10":"pa_farg-mix","11":"tm-no-options","13":"first","14":"instock","15":"sale","16":"taxable","17":"shipping-taxable","18":"purchasable","19":"product-type-simple"},"acf":[],"_links":{"self":[{"href":"https:\/\/secureus.se\/fr\/wp-json\/wp\/v2\/product\/115879","targetHints":{"allow":["GET"]}}],"collection":[{"href":"https:\/\/secureus.se\/fr\/wp-json\/wp\/v2\/product"}],"about":[{"href":"https:\/\/secureus.se\/fr\/wp-json\/wp\/v2\/types\/product"}],"wp:featuredmedia":[{"embeddable":true,"href":"https:\/\/secureus.se\/fr\/wp-json\/wp\/v2\/media\/135142"}],"wp:attachment":[{"href":"https:\/\/secureus.se\/fr\/wp-json\/wp\/v2\/media?parent=115879"}],"wp:term":[{"taxonomy":"product_brand","embeddable":true,"href":"https:\/\/secureus.se\/fr\/wp-json\/wp\/v2\/product_brand?post=115879"},{"taxonomy":"product_cat","embeddable":true,"href":"https:\/\/secureus.se\/fr\/wp-json\/wp\/v2\/product_cat?post=115879"},{"taxonomy":"product_tag","embeddable":true,"href":"https:\/\/secureus.se\/fr\/wp-json\/wp\/v2\/product_tag?post=115879"}],"curies":[{"name":"wp","href":"https:\/\/api.w.org\/{rel}","templated":true}]}}