{"id":115891,"date":"2024-11-05T17:16:03","date_gmt":"2024-11-05T16:16:03","guid":{"rendered":"https:\/\/secureus.se\/?post_type=product&#038;p=115891"},"modified":"2026-01-12T12:29:57","modified_gmt":"2026-01-12T11:29:57","slug":"sladdgomma-cavoline-box-l","status":"publish","type":"product","link":"https:\/\/secureus.se\/fr\/sladdgomma-cavoline-box-l\/","title":{"rendered":"Cache-c\u00e2bles CAVOLINE\u00ae BOX L"},"content":{"rendered":"<p>Gardez les c\u00e2bles en ordre avec CAVOLINE\u00ae aussi bien au bureau qu&#039;\u00e0 la maison. R\u00e9cup\u00e9rez les c\u00e2bles et cela semble plus soign\u00e9 et est \u00e9galement plus facile \u00e0 nettoyer. <\/p>\n<p>Bo\u00eete \u00e0 c\u00e2bles \u00e9l\u00e9gante en plastique ignifuge pour c\u00e2bles et prises de d\u00e9rivation \u00e0 5 voies<br \/>\n. Ouvertures recouvertes de caoutchouc pour les c\u00e2bles des deux c\u00f4t\u00e9s de la carte. Les ouvertures fonctionnent \u00e9galement comme des trous de ventilation. Cache avec entr\u00e9e de c\u00e2ble pratique pour le c\u00e2ble de chargement du t\u00e9l\u00e9phone portable. De grands pieds en caoutchouc garantissent que le cache-c\u00e2bles reste fermement en place<br \/>\n. Dimensions : 406 x 156 x 139 mm (L x H x P)<\/p>","protected":false},"excerpt":{"rendered":"<p>Bo\u00eete de c\u00e2bles de haute qualit\u00e9 en plastique ignifuge. <\/p>","protected":false},"featured_media":135985,"template":"","meta":{"_acf_changed":false},"product_brand":[],"product_cat":[4287],"product_tag":[4393],"class_list":{"0":"post-115891","1":"product","2":"type-product","3":"status-publish","4":"has-post-thumbnail","6":"product_cat-kabelsamlare","7":"product_tag-gra","8":"product_shipping_class-tunga-paket","9":"pa_brands-durable","10":"pa_farg-gra","11":"tm-no-options","13":"first","14":"instock","15":"sale","16":"taxable","17":"shipping-taxable","18":"purchasable","19":"product-type-simple"},"acf":[],"_links":{"self":[{"href":"https:\/\/secureus.se\/fr\/wp-json\/wp\/v2\/product\/115891","targetHints":{"allow":["GET"]}}],"collection":[{"href":"https:\/\/secureus.se\/fr\/wp-json\/wp\/v2\/product"}],"about":[{"href":"https:\/\/secureus.se\/fr\/wp-json\/wp\/v2\/types\/product"}],"wp:featuredmedia":[{"embeddable":true,"href":"https:\/\/secureus.se\/fr\/wp-json\/wp\/v2\/media\/135985"}],"wp:attachment":[{"href":"https:\/\/secureus.se\/fr\/wp-json\/wp\/v2\/media?parent=115891"}],"wp:term":[{"taxonomy":"product_brand","embeddable":true,"href":"https:\/\/secureus.se\/fr\/wp-json\/wp\/v2\/product_brand?post=115891"},{"taxonomy":"product_cat","embeddable":true,"href":"https:\/\/secureus.se\/fr\/wp-json\/wp\/v2\/product_cat?post=115891"},{"taxonomy":"product_tag","embeddable":true,"href":"https:\/\/secureus.se\/fr\/wp-json\/wp\/v2\/product_tag?post=115891"}],"curies":[{"name":"wp","href":"https:\/\/api.w.org\/{rel}","templated":true}]}}