{"id":115912,"date":"2024-12-07T15:21:12","date_gmt":"2024-12-07T14:21:12","guid":{"rendered":"https:\/\/secureus.se\/?post_type=product&#038;p=115912"},"modified":"2026-01-12T12:39:08","modified_gmt":"2026-01-12T11:39:08","slug":"bladderstall-function-wall-module-5","status":"publish","type":"product","link":"https:\/\/secureus.se\/fr\/bladderstall-function-wall-module-5\/","title":{"rendered":"Flip rack FONCTION MODULE MURAL 5"},"content":{"rendered":"<p>Support mural FONCTION en m\u00e9tal pour 5 panneaux A4. Fix\u00e9 au mur, vis et cheville incluses. Les pochettes (cadres, panneaux) sont command\u00e9es s\u00e9par\u00e9ment.<br \/>\nAccessoires : SHERPA\u00b0PANEL num\u00e9ro d&#039;article 5606 en diff\u00e9rentes couleurs. Support de collecteur 560919 ou 560319<\/p>","protected":false},"excerpt":{"rendered":"<p>Etag\u00e8re murale vide FUNCTION en m\u00e9tal pour 5 panneaux au format A4.<\/p>","protected":false},"featured_media":135286,"template":"","meta":{"_acf_changed":false},"product_brand":[],"product_cat":[4301],"product_tag":[4393],"class_list":{"0":"post-115912","1":"product","2":"type-product","3":"status-publish","4":"has-post-thumbnail","6":"product_cat-tillbehor-till-bladderpanelsystem","7":"product_tag-gra","8":"product_shipping_class-tunga-paket","9":"pa_brands-durable","10":"pa_farg-gra","11":"tm-no-options","13":"first","14":"instock","15":"sale","16":"taxable","17":"shipping-taxable","18":"purchasable","19":"product-type-simple"},"acf":[],"_links":{"self":[{"href":"https:\/\/secureus.se\/fr\/wp-json\/wp\/v2\/product\/115912","targetHints":{"allow":["GET"]}}],"collection":[{"href":"https:\/\/secureus.se\/fr\/wp-json\/wp\/v2\/product"}],"about":[{"href":"https:\/\/secureus.se\/fr\/wp-json\/wp\/v2\/types\/product"}],"wp:featuredmedia":[{"embeddable":true,"href":"https:\/\/secureus.se\/fr\/wp-json\/wp\/v2\/media\/135286"}],"wp:attachment":[{"href":"https:\/\/secureus.se\/fr\/wp-json\/wp\/v2\/media?parent=115912"}],"wp:term":[{"taxonomy":"product_brand","embeddable":true,"href":"https:\/\/secureus.se\/fr\/wp-json\/wp\/v2\/product_brand?post=115912"},{"taxonomy":"product_cat","embeddable":true,"href":"https:\/\/secureus.se\/fr\/wp-json\/wp\/v2\/product_cat?post=115912"},{"taxonomy":"product_tag","embeddable":true,"href":"https:\/\/secureus.se\/fr\/wp-json\/wp\/v2\/product_tag?post=115912"}],"curies":[{"name":"wp","href":"https:\/\/api.w.org\/{rel}","templated":true}]}}