{"id":115959,"date":"2024-11-20T14:14:37","date_gmt":"2024-11-20T13:14:37","guid":{"rendered":"https:\/\/secureus.se\/?post_type=product&#038;p=115959"},"modified":"2025-12-31T21:25:29","modified_gmt":"2025-12-31T20:25:29","slug":"namnskylt-set-40x60-nal-a4-etikettark","status":"publish","type":"product","link":"https:\/\/secureus.se\/fr\/namnskylt-set-40x60-nal-a4-etikettark\/","title":{"rendered":"Plaque signal\u00e9tique SET 40\u00d760, \u00e9pingle + planche d&#039;\u00e9tiquettes A4"},"content":{"rendered":"<p>Participants \u00e0 des conf\u00e9rences, visiteurs d&#039;entreprises, collaborateurs de salons, de magasins, professions de service et vendeurs - la liste peut \u00eatre \u00e9tendue l\u00e0 o\u00f9 l&#039;on a besoin d&#039;insignes nominatifs de diff\u00e9rentes tailles, mod\u00e8les et options de fixation. Ensemble complet avec une plaque signal\u00e9tique simple classique 40x75mm avec des fonctionnalit\u00e9s bien pens\u00e9es ; L&#039;aiguille en forme de S emp\u00eache l&#039;\u00e9tiquette nominative de bouger vers le bas lorsqu&#039;elle est attach\u00e9e aux v\u00eatements, la pointe de l&#039;aiguille est prot\u00e9g\u00e9e afin de ne pas piquer le porteur, et la poign\u00e9e pour le pouce facilite le retrait de la carte. 3 feuilles A4 avec \u00e9tiquettes blanches \u00e0 imprimer dans une imprimante sont incluses dans le set. D&#039;autres \u00e9tiquettes sur feuilles A4 peuvent \u00eatre command\u00e9es s\u00e9par\u00e9ment. Utilisez le programme gratuit DURAPRINT\u00ae disponible sur www.duraprint.se pour cr\u00e9er et imprimer des \u00e9tiquettes nominatives \u00e9l\u00e9gantes.<br \/>\nAccessoires:<br \/>\n\u00c9tiquettes Badgemaker\u00ae sur feuilles A4 \u00e0 imprimer avec une imprimante, r\u00e9f.<\/p>","protected":false},"excerpt":{"rendered":"<p>Ensemble complet de feuilles d&#039;\u00e9tiquettes A4 pour l&#039;impression par imprimante. 20 plaques signal\u00e9tiques 40x 60mm avec fixation par \u00e9pingle.<\/p>","protected":false},"featured_media":133741,"template":"","meta":{"_acf_changed":false},"product_brand":[],"product_cat":[4275],"product_tag":[],"class_list":{"0":"post-115959","1":"product","2":"type-product","3":"status-publish","4":"has-post-thumbnail","6":"product_cat-namnskyltar-kompletta-set","7":"product_shipping_class-tunga-paket","8":"pa_brands-durable","9":"tm-no-options","11":"first","12":"instock","13":"sale","14":"taxable","15":"shipping-taxable","16":"purchasable","17":"product-type-simple"},"acf":[],"_links":{"self":[{"href":"https:\/\/secureus.se\/fr\/wp-json\/wp\/v2\/product\/115959","targetHints":{"allow":["GET"]}}],"collection":[{"href":"https:\/\/secureus.se\/fr\/wp-json\/wp\/v2\/product"}],"about":[{"href":"https:\/\/secureus.se\/fr\/wp-json\/wp\/v2\/types\/product"}],"wp:featuredmedia":[{"embeddable":true,"href":"https:\/\/secureus.se\/fr\/wp-json\/wp\/v2\/media\/133741"}],"wp:attachment":[{"href":"https:\/\/secureus.se\/fr\/wp-json\/wp\/v2\/media?parent=115959"}],"wp:term":[{"taxonomy":"product_brand","embeddable":true,"href":"https:\/\/secureus.se\/fr\/wp-json\/wp\/v2\/product_brand?post=115959"},{"taxonomy":"product_cat","embeddable":true,"href":"https:\/\/secureus.se\/fr\/wp-json\/wp\/v2\/product_cat?post=115959"},{"taxonomy":"product_tag","embeddable":true,"href":"https:\/\/secureus.se\/fr\/wp-json\/wp\/v2\/product_tag?post=115959"}],"curies":[{"name":"wp","href":"https:\/\/api.w.org\/{rel}","templated":true}]}}