{"id":115977,"date":"2024-11-20T14:09:57","date_gmt":"2024-11-20T13:09:57","guid":{"rendered":"https:\/\/secureus.se\/?post_type=product&#038;p=115977"},"modified":"2026-01-12T12:06:45","modified_gmt":"2026-01-12T11:06:45","slug":"golvdekal-med-fonster-a4-10-st-frp","status":"publish","type":"product","link":"https:\/\/secureus.se\/fr\/golvdekal-med-fonster-a4-10-st-frp\/","title":{"rendered":"Autocollant de sol avec fen\u00eatre A4 10 pcs"},"content":{"rendered":"<p>Autocollant de sol autocollant et amovible avec fen\u00eatre transparente et cadre jaune pour documents A4. Pour des informations temporaires dans les magasins, salles de sport, h\u00f4tels et restaurants. Le ruban adh\u00e9sif au dos du cadre adh\u00e8re aux sols en b\u00e9ton propres et secs. Placez l&#039;insert A4 sous la fen\u00eatre transparente de l&#039;autocollant de sol, retirez les bandes de protection du ruban adh\u00e9sif, fixez-le au sol et l&#039;insert est prot\u00e9g\u00e9 sous la feuille de plastique r\u00e9sistante. Indice antid\u00e9rapant R9 selon DIN 51130.<br \/>\nDimensions ext\u00e9rieures : 401 x 0,4 x 314 mm (LxHxP) Dimensions int\u00e9rieures : 297 x 210 mm (LxH)<\/p>","protected":false},"excerpt":{"rendered":"<p>Autocollant de sol autocollant et amovible avec fen\u00eatre transparente pour documents au format A4.<\/p>","protected":false},"featured_media":133709,"template":"","meta":{"_acf_changed":false},"product_brand":[],"product_cat":[4302],"product_tag":[4395],"class_list":{"0":"post-115977","1":"product","2":"type-product","3":"status-publish","4":"has-post-thumbnail","6":"product_cat-markeringar-av-uppstallningsplatser","7":"product_tag-gul","8":"product_shipping_class-tunga-paket","9":"pa_brands-durable","10":"pa_farg-gul","11":"tm-no-options","13":"first","14":"instock","15":"sale","16":"taxable","17":"shipping-taxable","18":"purchasable","19":"product-type-simple"},"acf":[],"_links":{"self":[{"href":"https:\/\/secureus.se\/fr\/wp-json\/wp\/v2\/product\/115977","targetHints":{"allow":["GET"]}}],"collection":[{"href":"https:\/\/secureus.se\/fr\/wp-json\/wp\/v2\/product"}],"about":[{"href":"https:\/\/secureus.se\/fr\/wp-json\/wp\/v2\/types\/product"}],"wp:featuredmedia":[{"embeddable":true,"href":"https:\/\/secureus.se\/fr\/wp-json\/wp\/v2\/media\/133709"}],"wp:attachment":[{"href":"https:\/\/secureus.se\/fr\/wp-json\/wp\/v2\/media?parent=115977"}],"wp:term":[{"taxonomy":"product_brand","embeddable":true,"href":"https:\/\/secureus.se\/fr\/wp-json\/wp\/v2\/product_brand?post=115977"},{"taxonomy":"product_cat","embeddable":true,"href":"https:\/\/secureus.se\/fr\/wp-json\/wp\/v2\/product_cat?post=115977"},{"taxonomy":"product_tag","embeddable":true,"href":"https:\/\/secureus.se\/fr\/wp-json\/wp\/v2\/product_tag?post=115977"}],"curies":[{"name":"wp","href":"https:\/\/api.w.org\/{rel}","templated":true}]}}