{"id":115982,"date":"2024-11-05T17:12:53","date_gmt":"2024-11-05T16:12:53","guid":{"rendered":"https:\/\/secureus.se\/?post_type=product&#038;p=115982"},"modified":"2026-01-12T12:54:56","modified_gmt":"2026-01-12T11:54:56","slug":"tablet-holder-wall-xl","status":"publish","type":"product","link":"https:\/\/secureus.se\/fr\/tablet-holder-wall-xl\/","title":{"rendered":"SUPPORT TABLETTE MURAL XL"},"content":{"rendered":"<p>Support mural pour tablette au design \u00e9l\u00e9gant et fonctionnel pour tablettes de tailles 7\u2033-13\u2033 (160-275 mm). Pour une utilisation dans l&#039;industrie, les entrep\u00f4ts et le secteur des transports, o\u00f9 les comprim\u00e9s sont utilis\u00e9s avec une housse ou une coque de protection. Pr\u00e8s du mur et installation facile. Le support, pour tablettes sans ou avec \u00e9tui jusqu&#039;\u00e0 23 mm d&#039;\u00e9paisseur, est orientable \u00e0 360\u00b0 avec quatre positions d&#039;arr\u00eat tous les 90\u00b0, pour une utilisation en format portrait ou paysage. La tablette peut \u00eatre facilement retir\u00e9e du support et emport\u00e9e avec elle pour des contr\u00f4les, processus et analyses num\u00e9riques. Le c\u00e2ble de chargement est connect\u00e9 via une ouverture dans le support de tablette. Support mural facile \u00e0 installer, solide et s\u00e9curis\u00e9, comprenant vis et bouchon.<br \/>\nPoids maximum de la tablette 1 kg.<br \/>\nMat\u00e9riaux : aluminium, plastique ABS<br \/>\nDimensions : 95 x 225 x 170 mm (L x H x P)  <\/p>","protected":false},"excerpt":{"rendered":"<p>Support de tablette adapt\u00e9 aux tablettes dot\u00e9es d&#039;une coque de protection jusqu&#039;\u00e0 23 mm d&#039;\u00e9paisseur. Support mural pour utilisation dans des environnements o\u00f9 les tablettes sont utilis\u00e9es avec un \u00e9tui ou une coque de protection, par exemple dans les installations de production, dans les entrep\u00f4ts et dans le secteur des transports.<\/p>","protected":false},"featured_media":136068,"template":"","meta":{"_acf_changed":false},"product_brand":[],"product_cat":[4236],"product_tag":[4382],"class_list":{"0":"post-115982","1":"product","2":"type-product","3":"status-publish","4":"has-post-thumbnail","6":"product_cat-surfplattehallare","7":"product_tag-silver","8":"product_shipping_class-tunga-paket","9":"pa_brands-durable","10":"pa_farg-silver","11":"tm-no-options","13":"first","14":"instock","15":"sale","16":"taxable","17":"shipping-taxable","18":"purchasable","19":"product-type-simple"},"acf":[],"_links":{"self":[{"href":"https:\/\/secureus.se\/fr\/wp-json\/wp\/v2\/product\/115982","targetHints":{"allow":["GET"]}}],"collection":[{"href":"https:\/\/secureus.se\/fr\/wp-json\/wp\/v2\/product"}],"about":[{"href":"https:\/\/secureus.se\/fr\/wp-json\/wp\/v2\/types\/product"}],"wp:featuredmedia":[{"embeddable":true,"href":"https:\/\/secureus.se\/fr\/wp-json\/wp\/v2\/media\/136068"}],"wp:attachment":[{"href":"https:\/\/secureus.se\/fr\/wp-json\/wp\/v2\/media?parent=115982"}],"wp:term":[{"taxonomy":"product_brand","embeddable":true,"href":"https:\/\/secureus.se\/fr\/wp-json\/wp\/v2\/product_brand?post=115982"},{"taxonomy":"product_cat","embeddable":true,"href":"https:\/\/secureus.se\/fr\/wp-json\/wp\/v2\/product_cat?post=115982"},{"taxonomy":"product_tag","embeddable":true,"href":"https:\/\/secureus.se\/fr\/wp-json\/wp\/v2\/product_tag?post=115982"}],"curies":[{"name":"wp","href":"https:\/\/api.w.org\/{rel}","templated":true}]}}