{"id":116083,"date":"2024-11-20T14:10:22","date_gmt":"2024-11-20T13:10:22","guid":{"rendered":"https:\/\/secureus.se\/?post_type=product&#038;p=116083"},"modified":"2026-01-12T12:00:05","modified_gmt":"2026-01-12T11:00:05","slug":"golvmarkeringstejp-duraline-50-05-5","status":"publish","type":"product","link":"https:\/\/secureus.se\/fr\/golvmarkeringstejp-duraline-50-05-5\/","title":{"rendered":"Ruban de marquage au sol DURALINE\u00ae 50\/05"},"content":{"rendered":"<p>Ruban de marquage autocollant pour usage int\u00e9rieur. Utilis\u00e9 pour le marquage permanent des zones n\u00e9cessitant une attention particuli\u00e8re, par exemple les zones de circulation et les zones r\u00e9glement\u00e9es. Se fixe sur des sols en b\u00e9ton propres et secs. Durable et r\u00e9sistant avec indice antid\u00e9rapant R9 selon DIN51130.<br \/>\nDimensions (L x L) : Rouleau de 30 m, largeur 50 mm, \u00e9paisseur 0,5 mm<\/p>","protected":false},"excerpt":{"rendered":"<p>Ruban de marquage au sol autocollant unicolore pour cr\u00e9er de l&#039;ordre et de la s\u00e9curit\u00e9 dans les entrep\u00f4ts et l&#039;industrie. 0,5 mm d&#039;\u00e9paisseur.<\/p>","protected":false},"featured_media":133642,"template":"","meta":{"_acf_changed":false},"product_brand":[],"product_cat":[4303],"product_tag":[4395],"class_list":{"0":"post-116083","1":"product","2":"type-product","3":"status-publish","4":"has-post-thumbnail","6":"product_cat-golvtejp","7":"product_tag-gul","8":"product_shipping_class-tunga-paket","9":"pa_brands-durable","10":"pa_farg-gul","11":"tm-no-options","13":"first","14":"instock","15":"sale","16":"taxable","17":"shipping-taxable","18":"purchasable","19":"product-type-simple"},"acf":[],"_links":{"self":[{"href":"https:\/\/secureus.se\/fr\/wp-json\/wp\/v2\/product\/116083","targetHints":{"allow":["GET"]}}],"collection":[{"href":"https:\/\/secureus.se\/fr\/wp-json\/wp\/v2\/product"}],"about":[{"href":"https:\/\/secureus.se\/fr\/wp-json\/wp\/v2\/types\/product"}],"wp:featuredmedia":[{"embeddable":true,"href":"https:\/\/secureus.se\/fr\/wp-json\/wp\/v2\/media\/133642"}],"wp:attachment":[{"href":"https:\/\/secureus.se\/fr\/wp-json\/wp\/v2\/media?parent=116083"}],"wp:term":[{"taxonomy":"product_brand","embeddable":true,"href":"https:\/\/secureus.se\/fr\/wp-json\/wp\/v2\/product_brand?post=116083"},{"taxonomy":"product_cat","embeddable":true,"href":"https:\/\/secureus.se\/fr\/wp-json\/wp\/v2\/product_cat?post=116083"},{"taxonomy":"product_tag","embeddable":true,"href":"https:\/\/secureus.se\/fr\/wp-json\/wp\/v2\/product_tag?post=116083"}],"curies":[{"name":"wp","href":"https:\/\/api.w.org\/{rel}","templated":true}]}}