{"id":116091,"date":"2024-12-07T15:21:16","date_gmt":"2024-12-07T14:21:16","guid":{"rendered":"https:\/\/secureus.se\/?post_type=product&#038;p=116091"},"modified":"2026-01-12T12:36:41","modified_gmt":"2026-01-12T11:36:41","slug":"sherpa-desk-clamp-10","status":"publish","type":"product","link":"https:\/\/secureus.se\/fr\/sherpa-desk-clamp-10\/","title":{"rendered":"PINCE DE BUREAU SHERPA\u00ae 10"},"content":{"rendered":"<p>Support avec support de table pour montage sur le bord de la table (\u00e9cart maximum 50 mm). Fourni complet de 10 pochettes en plastique polypropyl\u00e8ne non r\u00e9fl\u00e9chissantes et num\u00e9risables (noires) pour documents au format A4. Hauteur r\u00e9glable jusqu&#039;\u00e0 78 cm. Peut \u00eatre inclin\u00e9 vers le haut ou vers le bas pour ajuster l&#039;angle de lecture de 5\u00b0 \u00e0 90\u00b0. Garantie 5 ans. Les conditions de garantie peuvent \u00eatre consult\u00e9es ici\u00a0: https:\/\/www.durable.se\/sv_SE\/service\/garanti\/garanti-foer-sherpa-vario\/<\/p>","protected":false},"excerpt":{"rendered":"<p>Ensemble complet avec support avec support de table et 10 panneaux<\/p>","protected":false},"featured_media":135393,"template":"","meta":{"_acf_changed":false},"product_brand":[],"product_cat":[4298],"product_tag":[4381],"class_list":{"0":"post-116091","1":"product","2":"type-product","3":"status-publish","4":"has-post-thumbnail","6":"product_cat-bladderstall-bord","7":"product_tag-svart","8":"product_shipping_class-tunga-paket","9":"pa_brands-durable","10":"pa_farg-svart","11":"tm-no-options","13":"first","14":"instock","15":"sale","16":"taxable","17":"shipping-taxable","18":"purchasable","19":"product-type-simple"},"acf":[],"_links":{"self":[{"href":"https:\/\/secureus.se\/fr\/wp-json\/wp\/v2\/product\/116091","targetHints":{"allow":["GET"]}}],"collection":[{"href":"https:\/\/secureus.se\/fr\/wp-json\/wp\/v2\/product"}],"about":[{"href":"https:\/\/secureus.se\/fr\/wp-json\/wp\/v2\/types\/product"}],"wp:featuredmedia":[{"embeddable":true,"href":"https:\/\/secureus.se\/fr\/wp-json\/wp\/v2\/media\/135393"}],"wp:attachment":[{"href":"https:\/\/secureus.se\/fr\/wp-json\/wp\/v2\/media?parent=116091"}],"wp:term":[{"taxonomy":"product_brand","embeddable":true,"href":"https:\/\/secureus.se\/fr\/wp-json\/wp\/v2\/product_brand?post=116091"},{"taxonomy":"product_cat","embeddable":true,"href":"https:\/\/secureus.se\/fr\/wp-json\/wp\/v2\/product_cat?post=116091"},{"taxonomy":"product_tag","embeddable":true,"href":"https:\/\/secureus.se\/fr\/wp-json\/wp\/v2\/product_tag?post=116091"}],"curies":[{"name":"wp","href":"https:\/\/api.w.org\/{rel}","templated":true}]}}