{"id":116142,"date":"2024-11-05T17:16:29","date_gmt":"2024-11-05T16:16:29","guid":{"rendered":"https:\/\/secureus.se\/?post_type=product&#038;p=116142"},"modified":"2026-01-12T12:32:54","modified_gmt":"2026-01-12T11:32:54","slug":"skarmhallare-pro-med-arm-for-1-skarm-bordsfaste","status":"publish","type":"product","link":"https:\/\/secureus.se\/fr\/skarmhallare-pro-med-arm-for-1-skarm-bordsfaste\/","title":{"rendered":"Support d&#039;\u00e9cran PRO avec bras pour 1 \u00e9cran, support de table"},"content":{"rendered":"<p>La s\u00e9rie de supports d&#039;\u00e9cran (ou bras d&#039;\u00e9cran comme on les appelle aussi) faciles \u00e0 utiliser et de bonne qualit\u00e9 lib\u00e8re de l&#039;espace sur le bureau et offre une bonne ergonomie de travail. Gr\u00e2ce \u00e0 leur design intemporel et \u00e9l\u00e9gant, ils s&#039;int\u00e8grent bien dans de nombreux environnements diff\u00e9rents. Destin\u00e9 aux \u00e9crans standards et aux \u00e9crans incurv\u00e9s de formats 21 \u00e0 27 pouces et pesant de 3 \u00e0 8 kg, pr\u00e9par\u00e9s pour le montage VESA 75 x 75 mm ou 100 x 100 mm. Le moniteur est simplement encliquet\u00e9 dans le support rapide en instance de brevet. Les supports d&#039;\u00e9cran sont flexibles car ils peuvent pivoter pour placer l&#039;\u00e9cran en position portrait ou paysage et peuvent \u00eatre inclin\u00e9s pour un bon angle de lecture. Fabriqu\u00e9 \u00e0 partir de mat\u00e9riaux haut de gamme s\u00e9lectionn\u00e9s pour une longue dur\u00e9e de vie \u2013 aluminium, m\u00e9tal et plastique de haute qualit\u00e9 jusqu&#039;\u00e0 60 % \u00e0 partir de mat\u00e9riaux recycl\u00e9s. Recyclable jusqu&#039;\u00e0 100 % Le % rend ces supports d&#039;\u00e9cran respectueux de l&#039;environnement selon la norme ISO 14021. La fabrication a lieu dans l&#039;usine de production de DURABLE en Allemagne. Garantie 10 ans. La demande visant \u00e0 faire approuver ces supports d&#039;\u00e9cran avec le label de s\u00e9curit\u00e9 GS (s\u00e9curit\u00e9 prouv\u00e9e), qui donne aux acheteurs, aux d\u00e9taillants et aux consommateurs finaux une garantie que le produit r\u00e9pond aux derni\u00e8res exigences de s\u00e9curit\u00e9, a \u00e9t\u00e9 d\u00e9pos\u00e9e, ainsi que la demande de certification T\u00dcV qui est \u00e9galement une certification allemande reconnue en mati\u00e8re de s\u00e9curit\u00e9 et de qualit\u00e9 des produits.<\/p>\n<p>Ce mod\u00e8le est un support de moniteur mont\u00e9 sur table avec un bras \u00e0 ressort \u00e0 gaz pour un moniteur. Peut \u00e9galement \u00eatre utilis\u00e9 avec des \u00e9crans de 28 \u00e0 38 pouces, mais la rotation au format portrait ou paysage est alors limit\u00e9e. Le bras est con\u00e7u pour qu&#039;il n&#039;y ait aucun risque de pincement dans les pi\u00e8ces mobiles et le support d&#039;\u00e9cran se r\u00e8gle facilement gr\u00e2ce \u00e0 une molette pour s&#039;adapter au poids de l&#039;\u00e9cran. Trois serre-c\u00e2bles pouvant \u00eatre plac\u00e9s individuellement l\u00e0 o\u00f9 cela convient sont inclus - pour garder les c\u00e2bles organis\u00e9s. L&#039;\u00e9cran peut \u00eatre inclin\u00e9 de 110 \u00e0 85\u00b0 vers le haut et de 25\u00b0 vers le bas, le bras inf\u00e9rieur du support d&#039;\u00e9cran peut \u00eatre pivot\u00e9 jusqu&#039;\u00e0 200\u00b0 maximum, le bras sup\u00e9rieur jusqu&#039;\u00e0 360\u00b0 maximum. La hauteur du haut du bras peut \u00eatre r\u00e9gl\u00e9e entre 20 et 130 mm. Montage facile : support de table pour plateaux de 14 \u00e0 44 mm et viss\u00e9 avec une cl\u00e9 allen incluse. Dimensions : 345 x 470 x 120 mm (L x H x P)<\/p>\n<p>En savoir plus sur le marquage GS\u00a0: https:\/\/www.handelskammer.se\/vara-tjanster\/miljorapportering\/symbolguiden\/geprufte-sicherheit-provad-sakerhet<br \/>\nEn savoir plus sur la certification T\u00dcV\u00a0: https:\/\/www.handelskammer.se\/vara-tjanster\/miljorapportering\/symbolguiden\/tuv-technischer-uberwachungsverein<br \/>\nLes conditions de garantie peuvent \u00eatre consult\u00e9es ici\u00a0: https:\/\/www.durable.se\/sv_SE\/service\/garanti\/garanti-foer-skaermhaallare\/<\/p>","protected":false},"excerpt":{"rendered":"<p>Un support d&#039;\u00e9cran flexible avec support de table. Bras \u00e0 ressort \u00e0 gaz qui facilite et flexible le r\u00e9glage de l&#039;\u00e9cran de l&#039;ordinateur.<\/p>","protected":false},"featured_media":135461,"template":"","meta":{"_acf_changed":false},"product_brand":[],"product_cat":[4243],"product_tag":[4382],"class_list":{"0":"post-116142","1":"product","2":"type-product","3":"status-publish","4":"has-post-thumbnail","6":"product_cat-skarmhallare","7":"product_tag-silver","8":"product_shipping_class-tunga-paket","9":"pa_brands-durable","10":"pa_farg-silver","11":"tm-no-options","13":"first","14":"instock","15":"sale","16":"taxable","17":"shipping-taxable","18":"purchasable","19":"product-type-simple"},"acf":[],"_links":{"self":[{"href":"https:\/\/secureus.se\/fr\/wp-json\/wp\/v2\/product\/116142","targetHints":{"allow":["GET"]}}],"collection":[{"href":"https:\/\/secureus.se\/fr\/wp-json\/wp\/v2\/product"}],"about":[{"href":"https:\/\/secureus.se\/fr\/wp-json\/wp\/v2\/types\/product"}],"wp:featuredmedia":[{"embeddable":true,"href":"https:\/\/secureus.se\/fr\/wp-json\/wp\/v2\/media\/135461"}],"wp:attachment":[{"href":"https:\/\/secureus.se\/fr\/wp-json\/wp\/v2\/media?parent=116142"}],"wp:term":[{"taxonomy":"product_brand","embeddable":true,"href":"https:\/\/secureus.se\/fr\/wp-json\/wp\/v2\/product_brand?post=116142"},{"taxonomy":"product_cat","embeddable":true,"href":"https:\/\/secureus.se\/fr\/wp-json\/wp\/v2\/product_cat?post=116142"},{"taxonomy":"product_tag","embeddable":true,"href":"https:\/\/secureus.se\/fr\/wp-json\/wp\/v2\/product_tag?post=116142"}],"curies":[{"name":"wp","href":"https:\/\/api.w.org\/{rel}","templated":true}]}}