{"id":116157,"date":"2024-11-05T17:15:23","date_gmt":"2024-11-05T16:15:23","guid":{"rendered":"https:\/\/secureus.se\/?post_type=product&#038;p=116157"},"modified":"2026-01-12T12:55:10","modified_gmt":"2026-01-12T11:55:10","slug":"surfplattehallare-rise","status":"publish","type":"product","link":"https:\/\/secureus.se\/fr\/surfplattehallare-rise\/","title":{"rendered":"Support pour planche de surf RISE"},"content":{"rendered":"<p>Le travail \u00e0 distance, l\u2019apprentissage virtuel et la consommation accrue de m\u00e9dias ont accru l\u2019utilisation des tablettes. Un support de tablette rend l&#039;utilisation plus pratique et ergonomique, par exemple dans les maisons de retraite pour rester en contact avec ses proches, \u00e0 la maison pour les ordonnances, les magazines num\u00e9riques, les r\u00e9seaux sociaux ou lors de r\u00e9unions et de voyages. Le support de tablette RISE est un support de table pliant fabriqu\u00e9 en aluminium recycl\u00e9 jusqu&#039;\u00e0 40% et convient aux tablettes jusqu&#039;\u00e0 13\u2033, avec un poids maximum de 1 kg. La tablette peut \u00eatre plac\u00e9e au format portrait ou paysage dans le support. R\u00e9glage continu de la hauteur et de l&#039;angle de lecture. Des coussinets en caoutchouc et un bord d&#039;arr\u00eat emp\u00eachent la tablette de glisser. Des coussinets en caoutchouc \u00e9galement en dessous prot\u00e8gent la surface de la table contre les rayures et maintiennent le support fermement. 100 % recyclables<br \/>\nDimensions pli\u00e9 : H 47 x L 170 x P 155 mm.<br \/>\nLa plaque sur laquelle repose la tablette mesure 170 x 155 mm, le plateau de table 170 x 137 mm. Le bras mesure 130 mm.<\/p>","protected":false},"excerpt":{"rendered":"<p>Support r\u00e9glable en continu pour tablettes ou smartphones. Pliable mais stable \u00e0 l&#039;usage<\/p>","protected":false},"featured_media":135516,"template":"","meta":{"_acf_changed":false},"product_brand":[],"product_cat":[4236],"product_tag":[4382],"class_list":{"0":"post-116157","1":"product","2":"type-product","3":"status-publish","4":"has-post-thumbnail","6":"product_cat-surfplattehallare","7":"product_tag-silver","8":"product_shipping_class-tunga-paket","9":"pa_brands-durable","10":"pa_farg-silver","11":"tm-no-options","13":"first","14":"instock","15":"sale","16":"taxable","17":"shipping-taxable","18":"purchasable","19":"product-type-simple"},"acf":[],"_links":{"self":[{"href":"https:\/\/secureus.se\/fr\/wp-json\/wp\/v2\/product\/116157","targetHints":{"allow":["GET"]}}],"collection":[{"href":"https:\/\/secureus.se\/fr\/wp-json\/wp\/v2\/product"}],"about":[{"href":"https:\/\/secureus.se\/fr\/wp-json\/wp\/v2\/types\/product"}],"wp:featuredmedia":[{"embeddable":true,"href":"https:\/\/secureus.se\/fr\/wp-json\/wp\/v2\/media\/135516"}],"wp:attachment":[{"href":"https:\/\/secureus.se\/fr\/wp-json\/wp\/v2\/media?parent=116157"}],"wp:term":[{"taxonomy":"product_brand","embeddable":true,"href":"https:\/\/secureus.se\/fr\/wp-json\/wp\/v2\/product_brand?post=116157"},{"taxonomy":"product_cat","embeddable":true,"href":"https:\/\/secureus.se\/fr\/wp-json\/wp\/v2\/product_cat?post=116157"},{"taxonomy":"product_tag","embeddable":true,"href":"https:\/\/secureus.se\/fr\/wp-json\/wp\/v2\/product_tag?post=116157"}],"curies":[{"name":"wp","href":"https:\/\/api.w.org\/{rel}","templated":true}]}}