{"id":116202,"date":"2024-11-05T17:14:16","date_gmt":"2024-11-05T16:14:16","guid":{"rendered":"https:\/\/secureus.se\/?post_type=product&#038;p=116202"},"modified":"2026-01-12T12:28:11","modified_gmt":"2026-01-12T11:28:11","slug":"symbolskylt-wc-handikapp","status":"publish","type":"product","link":"https:\/\/secureus.se\/fr\/symbolskylt-wc-handikapp\/","title":{"rendered":"Symbole signe WC handicap"},"content":{"rendered":"<p>Pictogrammes \u2013 des panneaux visuels avec des images aident les visiteurs \u00e0 s&#039;orienter et \u00e0 s&#039;informer de loin et m\u00eame s&#039;ils ne connaissent pas la langue. Plaque \u00e9l\u00e9gante en acier inoxydable bross\u00e9 r\u00e9sistant aux rayures. Install\u00e9 avec les patins de montage inclus. Panneau rond pour toilettes handicap\u00e9s d&#039;un diam\u00e8tre de 83 mm.<\/p>","protected":false},"excerpt":{"rendered":"<p>Signe rond de symbole de toilette pour handicap\u00e9s<\/p>","protected":false},"featured_media":135369,"template":"","meta":{"_acf_changed":false},"product_brand":[],"product_cat":[4262],"product_tag":[4382],"class_list":{"0":"post-116202","1":"product","2":"type-product","3":"status-publish","4":"has-post-thumbnail","6":"product_cat-dorrskyltar-symbolskyltar","7":"product_tag-silver","8":"product_shipping_class-tunga-paket","9":"pa_brands-durable","10":"pa_farg-silver","11":"tm-no-options","13":"first","14":"instock","15":"sale","16":"taxable","17":"shipping-taxable","18":"purchasable","19":"product-type-simple"},"acf":[],"_links":{"self":[{"href":"https:\/\/secureus.se\/fr\/wp-json\/wp\/v2\/product\/116202","targetHints":{"allow":["GET"]}}],"collection":[{"href":"https:\/\/secureus.se\/fr\/wp-json\/wp\/v2\/product"}],"about":[{"href":"https:\/\/secureus.se\/fr\/wp-json\/wp\/v2\/types\/product"}],"wp:featuredmedia":[{"embeddable":true,"href":"https:\/\/secureus.se\/fr\/wp-json\/wp\/v2\/media\/135369"}],"wp:attachment":[{"href":"https:\/\/secureus.se\/fr\/wp-json\/wp\/v2\/media?parent=116202"}],"wp:term":[{"taxonomy":"product_brand","embeddable":true,"href":"https:\/\/secureus.se\/fr\/wp-json\/wp\/v2\/product_brand?post=116202"},{"taxonomy":"product_cat","embeddable":true,"href":"https:\/\/secureus.se\/fr\/wp-json\/wp\/v2\/product_cat?post=116202"},{"taxonomy":"product_tag","embeddable":true,"href":"https:\/\/secureus.se\/fr\/wp-json\/wp\/v2\/product_tag?post=116202"}],"curies":[{"name":"wp","href":"https:\/\/api.w.org\/{rel}","templated":true}]}}