{"id":116203,"date":"2024-11-05T17:24:01","date_gmt":"2024-11-05T16:24:01","guid":{"rendered":"https:\/\/secureus.se\/?post_type=product&#038;p=116203"},"modified":"2026-01-12T12:37:46","modified_gmt":"2026-01-12T11:37:46","slug":"sherpa-wall-module-10","status":"publish","type":"product","link":"https:\/\/secureus.se\/fr\/sherpa-wall-module-10\/","title":{"rendered":"MODULE MURAL SHERPA\u00ae 10"},"content":{"rendered":"<p>Support mural SHERPA\u00ae pour 10 panneaux. Fix\u00e9 au mur, vis et cheville incluses. Les pochettes (cadres, panneaux) sont command\u00e9es s\u00e9par\u00e9ment. Garantie 5 ans. Les conditions de garantie peuvent \u00eatre consult\u00e9es ici\u00a0: https:\/\/www.durable.se\/sv_SE\/service\/garanti\/garanti-foer-sherpa-vario\/<br \/>\nAccessoires : SHERPA\u00b0PANEL num\u00e9ro d&#039;article 5606 en diff\u00e9rentes couleurs. Support de collecteur 560919 ou 560319<\/p>","protected":false},"excerpt":{"rendered":"<p>Etag\u00e8re murale vide SHERPA\u00ae pour 10 panneaux au format A4.<\/p>","protected":false},"featured_media":135793,"template":"","meta":{"_acf_changed":false},"product_brand":[],"product_cat":[4299],"product_tag":[4393],"class_list":{"0":"post-116203","1":"product","2":"type-product","3":"status-publish","4":"has-post-thumbnail","6":"product_cat-bladderpanelsystem-vagg","7":"product_tag-gra","8":"product_shipping_class-tunga-paket","9":"pa_brands-durable","10":"pa_farg-gra","11":"tm-no-options","13":"first","14":"instock","15":"sale","16":"taxable","17":"shipping-taxable","18":"purchasable","19":"product-type-simple"},"acf":[],"_links":{"self":[{"href":"https:\/\/secureus.se\/fr\/wp-json\/wp\/v2\/product\/116203","targetHints":{"allow":["GET"]}}],"collection":[{"href":"https:\/\/secureus.se\/fr\/wp-json\/wp\/v2\/product"}],"about":[{"href":"https:\/\/secureus.se\/fr\/wp-json\/wp\/v2\/types\/product"}],"wp:featuredmedia":[{"embeddable":true,"href":"https:\/\/secureus.se\/fr\/wp-json\/wp\/v2\/media\/135793"}],"wp:attachment":[{"href":"https:\/\/secureus.se\/fr\/wp-json\/wp\/v2\/media?parent=116203"}],"wp:term":[{"taxonomy":"product_brand","embeddable":true,"href":"https:\/\/secureus.se\/fr\/wp-json\/wp\/v2\/product_brand?post=116203"},{"taxonomy":"product_cat","embeddable":true,"href":"https:\/\/secureus.se\/fr\/wp-json\/wp\/v2\/product_cat?post=116203"},{"taxonomy":"product_tag","embeddable":true,"href":"https:\/\/secureus.se\/fr\/wp-json\/wp\/v2\/product_tag?post=116203"}],"curies":[{"name":"wp","href":"https:\/\/api.w.org\/{rel}","templated":true}]}}