{"id":116243,"date":"2024-11-05T17:13:43","date_gmt":"2024-11-05T16:13:43","guid":{"rendered":"https:\/\/secureus.se\/?post_type=product&#038;p=116243"},"modified":"2026-01-12T12:54:06","modified_gmt":"2026-01-12T11:54:06","slug":"tablet-holder-table","status":"publish","type":"product","link":"https:\/\/secureus.se\/fr\/tablet-holder-table\/","title":{"rendered":"TABLE PORTE-TABLETTE"},"content":{"rendered":"<p>Support de tablette au design \u00e9l\u00e9gant et fonctionnel pour tablettes de tailles 7&quot;-13&quot; (160-275 mm). Pour le partage d\u2019informations et les pr\u00e9sentations en magasins, r\u00e9ceptions, ventes et showrooms. Support de table stable et stable qui peut \u00eatre inclin\u00e9 en continu de 0\u00b0 \u00e0 88\u00b0. Le support, dot\u00e9 de surfaces recouvertes de caoutchouc qui prot\u00e8gent la tablette des rayures et des dommages, peut pivoter \u00e0 360\u00b0 avec quatre positions d&#039;arr\u00eat tous les 90\u00b0, pour une utilisation en format portrait ou paysage. La tablette est facile \u00e0 ins\u00e9rer et \u00e0 retirer du support, qui est verrouill\u00e9 avec une cl\u00e9 sp\u00e9ciale pour \u00e9viter le vol. De plus, l&#039;ensemble du support de table peut \u00eatre verrouill\u00e9 \u00e0 l&#039;aide d&#039;un c\u00e2ble antivol externe \u00ab Minisaver mobile lock \u00bb de Kensington. Le c\u00e2ble de chargement est connect\u00e9 via une ouverture dans le support.<br \/>\nPoids maximum de la tablette 1 kg.<br \/>\nMat\u00e9riaux : t\u00f4le, aluminium, plastique ABS<br \/>\nDimensions : 155 x 242 x 183 mm (L x H x P)<\/p>","protected":false},"excerpt":{"rendered":"<p>Support de tablette. Support de table pour pr\u00e9sentations et informations dans les magasins, r\u00e9ceptions, ventes et showrooms.<\/p>","protected":false},"featured_media":136538,"template":"","meta":{"_acf_changed":false},"product_brand":[],"product_cat":[4236],"product_tag":[4382],"class_list":{"0":"post-116243","1":"product","2":"type-product","3":"status-publish","4":"has-post-thumbnail","6":"product_cat-surfplattehallare","7":"product_tag-silver","8":"product_shipping_class-tunga-paket","9":"pa_brands-durable","10":"pa_farg-silver","11":"tm-no-options","13":"first","14":"instock","15":"sale","16":"taxable","17":"shipping-taxable","18":"purchasable","19":"product-type-simple"},"acf":[],"_links":{"self":[{"href":"https:\/\/secureus.se\/fr\/wp-json\/wp\/v2\/product\/116243","targetHints":{"allow":["GET"]}}],"collection":[{"href":"https:\/\/secureus.se\/fr\/wp-json\/wp\/v2\/product"}],"about":[{"href":"https:\/\/secureus.se\/fr\/wp-json\/wp\/v2\/types\/product"}],"wp:featuredmedia":[{"embeddable":true,"href":"https:\/\/secureus.se\/fr\/wp-json\/wp\/v2\/media\/136538"}],"wp:attachment":[{"href":"https:\/\/secureus.se\/fr\/wp-json\/wp\/v2\/media?parent=116243"}],"wp:term":[{"taxonomy":"product_brand","embeddable":true,"href":"https:\/\/secureus.se\/fr\/wp-json\/wp\/v2\/product_brand?post=116243"},{"taxonomy":"product_cat","embeddable":true,"href":"https:\/\/secureus.se\/fr\/wp-json\/wp\/v2\/product_cat?post=116243"},{"taxonomy":"product_tag","embeddable":true,"href":"https:\/\/secureus.se\/fr\/wp-json\/wp\/v2\/product_tag?post=116243"}],"curies":[{"name":"wp","href":"https:\/\/api.w.org\/{rel}","templated":true}]}}