{"id":116301,"date":"2024-11-05T17:22:44","date_gmt":"2024-11-05T16:22:44","guid":{"rendered":"https:\/\/secureus.se\/?post_type=product&#038;p=116301"},"modified":"2026-01-12T12:46:49","modified_gmt":"2026-01-12T11:46:49","slug":"sjalvhaftande-ficka-pocketfix-75x18-10-st","status":"publish","type":"product","link":"https:\/\/secureus.se\/fr\/sjalvhaftande-ficka-pocketfix-75x18-10-st\/","title":{"rendered":"Pochette autocollante POCKETFIX\u00ae 75\u00d718 10 pcs"},"content":{"rendered":"<p>Classeurs \u00e0 \u00e9tiquettes, chemises, bo\u00eetes, bo\u00eetes aux lettres avec \u00e9tiquettes \u00e0 ins\u00e9rer dans une pochette POCKETFIX\u00ae autocollante. La pochette transparente est en plastique polypropyl\u00e8ne. Cette pochette longue et \u00e9troite est dot\u00e9e d&#039;une ouverture sur un c\u00f4t\u00e9 de la carte et d&#039;un passe-pouce pour un retrait facile de la carte. Livr\u00e9 avec des \u00e9tiquettes blanches sur des feuilles pouvant \u00eatre imprim\u00e9es dans une imprimante. Dans le programme gratuit DURAPRINT\u00ae, il existe un mod\u00e8le pour cr\u00e9er l&#039;\u00e9tiquette. Dimensions int\u00e9rieures : 75\u00d718. Dimensions ext\u00e9rieures : 81\u00d722 mm (LxH). Sac avec 10 poches.<\/p>","protected":false},"excerpt":{"rendered":"<p>Pochette autocollante avec ouverture sur un petit c\u00f4t\u00e9. Pour \u00e9tiquettes au format 75\u00d718.<\/p>","protected":false},"featured_media":135401,"template":"","meta":{"_acf_changed":false},"product_brand":[],"product_cat":[4252],"product_tag":[4376],"class_list":{"0":"post-116301","1":"product","2":"type-product","3":"status-publish","4":"has-post-thumbnail","6":"product_cat-sjalvhaftande-fickor","7":"product_tag-transparent","8":"product_shipping_class-tunga-paket","9":"pa_brands-durable","10":"pa_farg-transparent","11":"tm-no-options","13":"first","14":"instock","15":"sale","16":"taxable","17":"shipping-taxable","18":"purchasable","19":"product-type-simple"},"acf":[],"_links":{"self":[{"href":"https:\/\/secureus.se\/fr\/wp-json\/wp\/v2\/product\/116301","targetHints":{"allow":["GET"]}}],"collection":[{"href":"https:\/\/secureus.se\/fr\/wp-json\/wp\/v2\/product"}],"about":[{"href":"https:\/\/secureus.se\/fr\/wp-json\/wp\/v2\/types\/product"}],"wp:featuredmedia":[{"embeddable":true,"href":"https:\/\/secureus.se\/fr\/wp-json\/wp\/v2\/media\/135401"}],"wp:attachment":[{"href":"https:\/\/secureus.se\/fr\/wp-json\/wp\/v2\/media?parent=116301"}],"wp:term":[{"taxonomy":"product_brand","embeddable":true,"href":"https:\/\/secureus.se\/fr\/wp-json\/wp\/v2\/product_brand?post=116301"},{"taxonomy":"product_cat","embeddable":true,"href":"https:\/\/secureus.se\/fr\/wp-json\/wp\/v2\/product_cat?post=116301"},{"taxonomy":"product_tag","embeddable":true,"href":"https:\/\/secureus.se\/fr\/wp-json\/wp\/v2\/product_tag?post=116301"}],"curies":[{"name":"wp","href":"https:\/\/api.w.org\/{rel}","templated":true}]}}