{"id":116324,"date":"2024-11-20T14:00:49","date_gmt":"2024-11-20T13:00:49","guid":{"rendered":"https:\/\/secureus.se\/?post_type=product&#038;p=116324"},"modified":"2026-01-12T12:26:18","modified_gmt":"2026-01-12T11:26:18","slug":"etiketter-210x297-a4-refill","status":"publish","type":"product","link":"https:\/\/secureus.se\/fr\/etiketter-210x297-a4-refill\/","title":{"rendered":"Recharge \u00e9tiquettes 210\u00d7297 (A4)"},"content":{"rendered":"<p>Feuilles A4 blanches de 160 gr adapt\u00e9es aux panneaux INFO SIGN 4806, 4807 et CLICK SIGN 4867 au format A4. Concevez le panneau \u00e0 l&#039;aide du programme gratuit DURAPRINT\u00ae disponible sur www.duraprint.se et imprimez avec une imprimante laser. Un paquet contient 10 feuilles avec 1 insert\/feuille de signe. Les feuilles sont perfor\u00e9es et faciles \u00e0 d\u00e9chirer. <\/p>","protected":false},"excerpt":{"rendered":"<p>10 inserts blancs pour les panneaux INFO SIGN 4806, 4807 et CLICK SIGN 4867 en A4 (210x297mm).<\/p>","protected":false},"featured_media":134927,"template":"","meta":{"_acf_changed":false},"product_brand":[],"product_cat":[4265,4263],"product_tag":[4396],"class_list":{"0":"post-116324","1":"product","2":"type-product","3":"status-publish","4":"has-post-thumbnail","6":"product_cat-dorrskyltar-i-alumunium","7":"product_cat-dorrskyltar-i-plast","8":"product_tag-vit","9":"product_shipping_class-tunga-paket","10":"pa_brands-durable","11":"pa_farg-vit","12":"tm-no-options","14":"first","15":"instock","16":"sale","17":"taxable","18":"shipping-taxable","19":"purchasable","20":"product-type-simple"},"acf":[],"_links":{"self":[{"href":"https:\/\/secureus.se\/fr\/wp-json\/wp\/v2\/product\/116324","targetHints":{"allow":["GET"]}}],"collection":[{"href":"https:\/\/secureus.se\/fr\/wp-json\/wp\/v2\/product"}],"about":[{"href":"https:\/\/secureus.se\/fr\/wp-json\/wp\/v2\/types\/product"}],"wp:featuredmedia":[{"embeddable":true,"href":"https:\/\/secureus.se\/fr\/wp-json\/wp\/v2\/media\/134927"}],"wp:attachment":[{"href":"https:\/\/secureus.se\/fr\/wp-json\/wp\/v2\/media?parent=116324"}],"wp:term":[{"taxonomy":"product_brand","embeddable":true,"href":"https:\/\/secureus.se\/fr\/wp-json\/wp\/v2\/product_brand?post=116324"},{"taxonomy":"product_cat","embeddable":true,"href":"https:\/\/secureus.se\/fr\/wp-json\/wp\/v2\/product_cat?post=116324"},{"taxonomy":"product_tag","embeddable":true,"href":"https:\/\/secureus.se\/fr\/wp-json\/wp\/v2\/product_tag?post=116324"}],"curies":[{"name":"wp","href":"https:\/\/api.w.org\/{rel}","templated":true}]}}