{"id":116387,"date":"2024-11-05T17:01:17","date_gmt":"2024-11-05T16:01:17","guid":{"rendered":"https:\/\/secureus.se\/?post_type=product&#038;p=116387"},"modified":"2025-12-31T21:22:49","modified_gmt":"2025-12-31T20:22:49","slug":"varseldekal-stop-borttagbar","status":"publish","type":"product","link":"https:\/\/secureus.se\/fr\/varseldekal-stop-borttagbar\/","title":{"rendered":"Autocollant d&#039;avertissement &quot;STOP&quot; amovible"},"content":{"rendered":"<p>Pour plus de s\u00e9curit\u00e9 dans les lieux publics : des autocollants de marquage au sol avec des symboles obligatoires ou interdits permettant de communiquer les r\u00e8gles d&#039;hygi\u00e8ne et de distance. Un grand autocollant de sol autocollant et amovible \u00ab\u00a0STOP\u00a0\u00bb indique clairement qu&#039;il est interdit de circuler dans la zone (par exemple magasins, salles de sport, h\u00f4tels, restaurants). Se fixe sur des sols en b\u00e9ton propres et secs. Indice antid\u00e9rapant R9 selon DIN 51130. Les panneaux r\u00e9pondent aux exigences de la norme ISO 7010.<br \/>\nDimensions : \u00d8 430 mm, \u00e9paisseur 0,2 mm<\/p>","protected":false},"excerpt":{"rendered":"<p>Panneau d&#039;interdiction autocollant et amovible pour application au sol. Informe clairement ici mais pas plus.<\/p>","protected":false},"featured_media":136034,"template":"","meta":{"_acf_changed":false},"product_brand":[],"product_cat":[4307],"product_tag":[4389],"class_list":{"0":"post-116387","1":"product","2":"type-product","3":"status-publish","4":"has-post-thumbnail","6":"product_cat-sakerhetsmarkning","7":"product_tag-rod","8":"product_shipping_class-tunga-paket","9":"pa_brands-durable","10":"pa_farg-rod","11":"tm-no-options","13":"first","14":"instock","15":"sale","16":"taxable","17":"shipping-taxable","18":"purchasable","19":"product-type-simple"},"acf":[],"_links":{"self":[{"href":"https:\/\/secureus.se\/fr\/wp-json\/wp\/v2\/product\/116387","targetHints":{"allow":["GET"]}}],"collection":[{"href":"https:\/\/secureus.se\/fr\/wp-json\/wp\/v2\/product"}],"about":[{"href":"https:\/\/secureus.se\/fr\/wp-json\/wp\/v2\/types\/product"}],"wp:featuredmedia":[{"embeddable":true,"href":"https:\/\/secureus.se\/fr\/wp-json\/wp\/v2\/media\/136034"}],"wp:attachment":[{"href":"https:\/\/secureus.se\/fr\/wp-json\/wp\/v2\/media?parent=116387"}],"wp:term":[{"taxonomy":"product_brand","embeddable":true,"href":"https:\/\/secureus.se\/fr\/wp-json\/wp\/v2\/product_brand?post=116387"},{"taxonomy":"product_cat","embeddable":true,"href":"https:\/\/secureus.se\/fr\/wp-json\/wp\/v2\/product_cat?post=116387"},{"taxonomy":"product_tag","embeddable":true,"href":"https:\/\/secureus.se\/fr\/wp-json\/wp\/v2\/product_tag?post=116387"}],"curies":[{"name":"wp","href":"https:\/\/api.w.org\/{rel}","templated":true}]}}