{"id":116389,"date":"2024-11-05T17:09:51","date_gmt":"2024-11-05T16:09:51","guid":{"rendered":"https:\/\/secureus.se\/?post_type=product&#038;p=116389"},"modified":"2025-12-31T21:29:11","modified_gmt":"2025-12-31T20:29:11","slug":"tv-stativ-pa-hjul-coworksation","status":"publish","type":"product","link":"https:\/\/secureus.se\/fr\/tv-stativ-pa-hjul-coworksation\/","title":{"rendered":"Meuble TV sur roulettes COWORKSATION\u00ae"},"content":{"rendered":"<p>Les pr\u00e9sentations num\u00e9riques et les r\u00e9unions vid\u00e9o pour petits groupes dans diff\u00e9rents types de lieux de r\u00e9union, tels que les salles de groupe, les bureaux flexibles et les salles de conf\u00e9rence, deviennent fluides et facilit\u00e9es par une unit\u00e9 mobile pour \u00e9cran et ordinateur. Grande poign\u00e9e permettant de faire rouler facilement le support, dot\u00e9 de roues de 75 mm avec frein pour qu&#039;il reste stable m\u00eame lors de son utilisation. Le bo\u00eetier est en CDF (bois) de qualit\u00e9 coll\u00e9 et comporte plusieurs ouvertures pour les c\u00e2bles et l&#039;\u00e9vacuation de la chaleur. Dans le compartiment sup\u00e9rieur, il y a de la place pour de petites choses comme une t\u00e9l\u00e9commande, une souris, un clavier, des c\u00e2bles, etc. Le compartiment avec trou de pr\u00e9hension peut accueillir un mini-PC et le compartiment inf\u00e9rieur est destin\u00e9 aux accessoires tels que le cordon de connexion, la multiprise et les piles. Le c\u00e2ble de connexion d&#039;alimentation se connecte \u00e0 l&#039;arri\u00e8re du poteau en aluminium, la connexion pour ordinateur portable sur le c\u00f4t\u00e9 et en bas de l&#039;avant se trouve l&#039;ouverture pour les c\u00e2bles de chargement. La hauteur du t\u00e9l\u00e9viseur\/\u00e9cran est r\u00e9glable lors du montage. Le paravent peut \u00eatre plac\u00e9 tout au bord de la table, tandis que les roulettes et le tiroir, d&#039;une hauteur de 59 cm, peuvent \u00eatre gliss\u00e9s et cach\u00e9s sous la table. L&#039;\u00e9cran est fix\u00e9 au support VESA pour la norme 75\u00d775 \u00e0 200\u00d7200. Taille maximale de l&#039;\u00e9cran 19-43&quot; (48\u00d7109 cm) et poids jusqu&#039;\u00e0 18 kg, dimensions maximales du clavier pouvant tenir dans la bo\u00eete 479 x 186 x 28 mm (LxlxH). Supporte une charge totale de 25 kg.<\/p>","protected":false},"excerpt":{"rendered":"<p>Support TV et multim\u00e9dia pratique sur roulettes pour pr\u00e9sentations num\u00e9riques et r\u00e9unions vid\u00e9o. Support VESA pour l&#039;\u00e9cran et le bo\u00eetier avec diff\u00e9rents compartiments pour ranger ordinateur, clavier, t\u00e9l\u00e9commande, c\u00e2bles, etc.  <\/p>","protected":false},"featured_media":135443,"template":"","meta":{"_acf_changed":false},"product_brand":[],"product_cat":[4241],"product_tag":[4396],"class_list":{"0":"post-116389","1":"product","2":"type-product","3":"status-publish","4":"has-post-thumbnail","6":"product_cat-datortillbehor","7":"product_tag-vit","8":"product_shipping_class-tunga-paket","9":"pa_brands-durable","10":"pa_farg-vit","11":"tm-no-options","13":"first","14":"instock","15":"sale","16":"taxable","17":"shipping-taxable","18":"purchasable","19":"product-type-simple"},"acf":[],"_links":{"self":[{"href":"https:\/\/secureus.se\/fr\/wp-json\/wp\/v2\/product\/116389","targetHints":{"allow":["GET"]}}],"collection":[{"href":"https:\/\/secureus.se\/fr\/wp-json\/wp\/v2\/product"}],"about":[{"href":"https:\/\/secureus.se\/fr\/wp-json\/wp\/v2\/types\/product"}],"wp:featuredmedia":[{"embeddable":true,"href":"https:\/\/secureus.se\/fr\/wp-json\/wp\/v2\/media\/135443"}],"wp:attachment":[{"href":"https:\/\/secureus.se\/fr\/wp-json\/wp\/v2\/media?parent=116389"}],"wp:term":[{"taxonomy":"product_brand","embeddable":true,"href":"https:\/\/secureus.se\/fr\/wp-json\/wp\/v2\/product_brand?post=116389"},{"taxonomy":"product_cat","embeddable":true,"href":"https:\/\/secureus.se\/fr\/wp-json\/wp\/v2\/product_cat?post=116389"},{"taxonomy":"product_tag","embeddable":true,"href":"https:\/\/secureus.se\/fr\/wp-json\/wp\/v2\/product_tag?post=116389"}],"curies":[{"name":"wp","href":"https:\/\/api.w.org\/{rel}","templated":true}]}}