{"id":116408,"date":"2024-11-20T14:11:21","date_gmt":"2024-11-20T13:11:21","guid":{"rendered":"https:\/\/secureus.se\/?post_type=product&#038;p=116408"},"modified":"2025-09-15T12:53:48","modified_gmt":"2025-09-15T10:53:48","slug":"kabelsamlare-cavoline-grip-tie-2","status":"publish","type":"product","link":"https:\/\/secureus.se\/fr\/kabelsamlare-cavoline-grip-tie-2\/","title":{"rendered":"Collecteur de c\u00e2bles CAVOLINE\u00ae GRIP TIE"},"content":{"rendered":"<p>Gardez les c\u00e2bles en ordre avec CAVOLINE\u00ae aussi bien au bureau qu&#039;\u00e0 la maison. R\u00e9cup\u00e9rez les c\u00e2bles et cela semble plus soign\u00e9 et est \u00e9galement plus facile \u00e0 nettoyer.<br \/>\nLe velcro de 1 cm de large peut \u00eatre serr\u00e9 gr\u00e2ce \u00e0 la boucle. Le groupe peut \u00eatre utilis\u00e9 plusieurs fois. Dimensions : 20 x 1 cm (L x l)<\/p>","protected":false},"excerpt":{"rendered":"<p>Collecteur de c\u00e2bles autobloquant pour regrouper les c\u00e2bles. <\/p>","protected":false},"featured_media":133812,"template":"","meta":{"_acf_changed":false},"product_brand":[],"product_cat":[4287],"product_tag":[4381],"class_list":{"0":"post-116408","1":"product","2":"type-product","3":"status-publish","4":"has-post-thumbnail","6":"product_cat-kabelsamlare","7":"product_tag-svart","8":"pa_brands-durable","9":"pa_farg-svart","10":"tm-no-options","12":"first","13":"instock","14":"sale","15":"taxable","16":"shipping-taxable","17":"purchasable","18":"product-type-simple"},"acf":[],"_links":{"self":[{"href":"https:\/\/secureus.se\/fr\/wp-json\/wp\/v2\/product\/116408","targetHints":{"allow":["GET"]}}],"collection":[{"href":"https:\/\/secureus.se\/fr\/wp-json\/wp\/v2\/product"}],"about":[{"href":"https:\/\/secureus.se\/fr\/wp-json\/wp\/v2\/types\/product"}],"wp:featuredmedia":[{"embeddable":true,"href":"https:\/\/secureus.se\/fr\/wp-json\/wp\/v2\/media\/133812"}],"wp:attachment":[{"href":"https:\/\/secureus.se\/fr\/wp-json\/wp\/v2\/media?parent=116408"}],"wp:term":[{"taxonomy":"product_brand","embeddable":true,"href":"https:\/\/secureus.se\/fr\/wp-json\/wp\/v2\/product_brand?post=116408"},{"taxonomy":"product_cat","embeddable":true,"href":"https:\/\/secureus.se\/fr\/wp-json\/wp\/v2\/product_cat?post=116408"},{"taxonomy":"product_tag","embeddable":true,"href":"https:\/\/secureus.se\/fr\/wp-json\/wp\/v2\/product_tag?post=116408"}],"curies":[{"name":"wp","href":"https:\/\/api.w.org\/{rel}","templated":true}]}}