{"id":116431,"date":"2024-12-07T15:21:12","date_gmt":"2024-12-07T14:21:12","guid":{"rendered":"https:\/\/secureus.se\/?post_type=product&#038;p=116431"},"modified":"2026-01-12T12:08:46","modified_gmt":"2026-01-12T11:08:46","slug":"vaggtavla-key-board-for-24-nyckelbrickor","status":"publish","type":"product","link":"https:\/\/secureus.se\/fr\/vaggtavla-key-board-for-24-nyckelbrickor\/","title":{"rendered":"Tableau mural KEY BOARD pour 24 porte-cl\u00e9s"},"content":{"rendered":"<p>Tableau mural pour collecter et stocker un maximum de 24 cl\u00e9s avec barrettes num\u00e9rot\u00e9es. Un jeu contenant 6 porte-cl\u00e9s en rouge, jaune, bleu et noir est inclus, ainsi que des vis et chevilles pour le montage mural. Dimensions : 21 \u00d7 36,5 cm LxH. Des mod\u00e8les d&#039;impression d&#039;\u00e9tiquettes pour les porte-cl\u00e9s peuvent \u00eatre t\u00e9l\u00e9charg\u00e9s \u00e0 partir de https:\/\/www.durable.se\/service\/ladda-ner\/mallar.html. <\/p>","protected":false},"excerpt":{"rendered":"<p>Tableau mural pour ranger 24 cl\u00e9s.<\/p>","protected":false},"featured_media":135303,"template":"","meta":{"_acf_changed":false},"product_brand":[],"product_cat":[1932],"product_tag":[4393],"class_list":{"0":"post-116431","1":"product","2":"type-product","3":"status-publish","4":"has-post-thumbnail","6":"product_cat-nyckelgomma-nyckelbox","7":"product_tag-gra","8":"product_shipping_class-tunga-paket","9":"pa_brands-durable","10":"pa_farg-gra","11":"tm-no-options","13":"first","14":"instock","15":"sale","16":"taxable","17":"shipping-taxable","18":"purchasable","19":"product-type-simple"},"acf":[],"_links":{"self":[{"href":"https:\/\/secureus.se\/fr\/wp-json\/wp\/v2\/product\/116431","targetHints":{"allow":["GET"]}}],"collection":[{"href":"https:\/\/secureus.se\/fr\/wp-json\/wp\/v2\/product"}],"about":[{"href":"https:\/\/secureus.se\/fr\/wp-json\/wp\/v2\/types\/product"}],"wp:featuredmedia":[{"embeddable":true,"href":"https:\/\/secureus.se\/fr\/wp-json\/wp\/v2\/media\/135303"}],"wp:attachment":[{"href":"https:\/\/secureus.se\/fr\/wp-json\/wp\/v2\/media?parent=116431"}],"wp:term":[{"taxonomy":"product_brand","embeddable":true,"href":"https:\/\/secureus.se\/fr\/wp-json\/wp\/v2\/product_brand?post=116431"},{"taxonomy":"product_cat","embeddable":true,"href":"https:\/\/secureus.se\/fr\/wp-json\/wp\/v2\/product_cat?post=116431"},{"taxonomy":"product_tag","embeddable":true,"href":"https:\/\/secureus.se\/fr\/wp-json\/wp\/v2\/product_tag?post=116431"}],"curies":[{"name":"wp","href":"https:\/\/api.w.org\/{rel}","templated":true}]}}